{"id":9677,"date":"2025-01-06T10:54:40","date_gmt":"2025-01-06T10:54:40","guid":{"rendered":"https:\/\/gedasiolima.com\/?page_id=9677"},"modified":"2025-01-07T23:29:34","modified_gmt":"2025-01-07T23:29:34","slug":"check-list-ga-pesquisa","status":"publish","type":"page","link":"https:\/\/gedasiolima.com\/links\/check-list-ga-pesquisa\/","title":{"rendered":"Check List GA Pesquisa"},"content":{"rendered":"<h2>Transforme <u>suas campanhas de Google Ads Pesquisa<\/u> em verdadeiras m\u00e1quinas de convers\u00e3o!<\/h2>\n<p style=\"text-align: left;\">\u2705 Evite erros que desperdi\u00e7am dinheiro;<\/p>\n<p style=\"text-align: left;\">\u2705 Aumente os resultados com campanhas mais assertivas;<\/p>\n<p style=\"text-align: left;\">\u2705 Foque no que importa e crie campanhas vencedoras.<\/p>\n<h3>\n\t\t\t\t\t\t\tUtilize um checklist pr\u00e1tico e direto ao ponto!<br \/>\n\t\t\t\t\t<\/h3>\n<p>\t\t\t\t\t<a role=\"button\"><br \/>\n\t\t\t\t\t\t\t\t\tSIM! QUERO O CHECKLIST<br \/>\n\t\t\t\t\t<\/a><\/p>\n<h2>Com este Checklist voc\u00ea vai:<br \/>\n<\/h2>\n<p style=\"text-align: left;\">\u2705 <strong>Criar campanhas assertivas:<\/strong> Crie campanhas mais otimizadas desde o in\u00edcio;<\/p>\n<p style=\"text-align: left;\">\u2705 <strong>Ter campanhas com resultados constantes:<\/strong> Tenha campanhas que duram mais tempo, mantendo os resultados;<\/p>\n<p style=\"text-align: left;\"><strong>\u2705 Evitar erros que desperdi\u00e7am dinheiro:<\/strong> Identifique e corrija falhas antes que elas impactem seu or\u00e7amento;<\/p>\n<p style=\"text-align: left;\">\u2705 <strong>Aumentar seus resultados:<\/strong> Crie campanhas mais assertivas que convertem e trazem retorno real;<\/p>\n<p style=\"text-align: left;\">\u2705 <strong>Focar no que realmente importa:<\/strong> Concentre-se nos elementos essenciais para construir campanhas vencedoras.<\/p>\n<p style=\"text-align: center;\"><strong>Aperfei\u00e7oe suas campanhas e comece a colher melhores resultados!<\/strong><\/p>\n<p>\t\t\t\t\t<a role=\"button\"><br \/>\n\t\t\t\t\t\t\t\t\tSIM! QUERO O CHECKLIST<br \/>\n\t\t\t\t\t<\/a><\/p>\n<h2>O que est\u00e1 incluso no seu material:<br \/>\n<\/h2>\n<p style=\"text-align: left;\">\u2705 <strong>Checklist Detalhado:<\/strong> Um guia passo a passo que cobre todos os aspectos cruciais da sua campanha;<\/p>\n<p style=\"text-align: left;\">\u2705 <strong>Checklist Resumido:<\/strong> Para aqueles dias corridos, tenha um resumo pr\u00e1tico \u00e0 m\u00e3o;<\/p>\n<p style=\"text-align: left;\">\u2705 <strong>Aula Exclusiva:<\/strong> Saiba como tirar o m\u00e1ximo proveito do checklist e entender cada ponto;<\/p>\n<p style=\"text-align: left;\">\u2705 <strong>Acesso Vital\u00edcio:<\/strong> Use sempre que precisar, sem limite de tempo.<\/p>\n<h2>E tem mais&#8230; b\u00f4nus exclusivos para turbinar seus resultados!<\/h2>\n<p style=\"text-align: left;\">\ud83c\udf81 <strong>Lista de Palavras-Chave Negativas:<\/strong> Evite cliques in\u00fateis e atraia o p\u00fablico certo.<\/p>\n<p style=\"text-align: left;\">\ud83c\udf81<strong> Hacks de An\u00fancios Irresist\u00edveis:<\/strong> Descubra como criar an\u00fancios que seus concorrentes n\u00e3o conseguem superar.<\/p>\n<p style=\"text-align: center;\"><strong>Aperfei\u00e7oe suas campanhas e comece a colher melhores resultados!<\/strong><\/p>\n<p>\t\t\t\t\t<a role=\"button\"><br \/>\n\t\t\t\t\t\t\t\t\tSIM! QUERO O CHECKLIST<br \/>\n\t\t\t\t\t<\/a><\/p>\n<h2>Para quem \u00e9:<\/h2>\n<p><strong>Este checklist \u00e9 ideal para voc\u00ea que j\u00e1 anuncia no Google Ads Pesquisa e deseja ter campanhas mais assertivas<\/strong><\/p>\n<p style=\"text-align: left;\">\u2705 Profissionais que compram leads na rede de pesquisa;<\/p>\n<p style=\"text-align: left;\">\u2705 Donos de neg\u00f3cios locais que buscam atrair mais clientes;<\/p>\n<p style=\"text-align: left;\">\u2705 Afiliados de produtos digitais e f\u00edsicos;<\/p>\n<p style=\"text-align: left;\">\u2705 Infoprodutores que querem maximizar suas vendas.<\/p>\n<h2>oferta especial<\/h2>\n<p>\t\t\t\t\t\t\t\t\t\t\t\t\t\t\t<img loading=\"lazy\" decoding=\"async\" width=\"840\" height=\"343\" src=\"https:\/\/gedasiolima.com\/wp-content\/uploads\/2023\/10\/network-min.png\" alt=\"\" srcset=\"https:\/\/gedasiolima.com\/wp-content\/uploads\/2023\/10\/network-min.png 1023w, https:\/\/gedasiolima.com\/wp-content\/uploads\/2023\/10\/network-min-300x123.png 300w, https:\/\/gedasiolima.com\/wp-content\/uploads\/2023\/10\/network-min-768x314.png 768w\" sizes=\"auto, (max-width: 709px) 85vw, (max-width: 909px) 67vw, (max-width: 1362px) 62vw, 840px\" \/>\t\t\t\t\t\t\t\t\t\t\t\t\t\t\t<\/p>\n<p style=\"text-align: left;\">\u2705 <strong>Checklist Detalhado:<\/strong> Um guia passo a passo que cobre todos os aspectos cruciais da sua campanha;<\/p>\n<p style=\"text-align: left;\">\u2705 <strong>Checklist Resumido:<\/strong> Para aqueles dias corridos, tenha um resumo pr\u00e1tico \u00e0 m\u00e3o;<\/p>\n<p style=\"text-align: left;\">\u2705 <strong>Aula Exclusiva:<\/strong> Saiba como tirar o m\u00e1ximo proveito do checklist e entender cada ponto;<\/p>\n<p style=\"text-align: left;\">\u2705 <strong>Acesso Vital\u00edcio:<\/strong> Use sempre que precisar, sem limite de tempo.<\/p>\n<p style=\"text-align: left;\"><strong>\u2705 Lista de Palavras-Chave Negativas:<\/strong> Evite cliques in\u00fateis e atraia o p\u00fablico certo.<\/p>\n<p style=\"text-align: left;\">\u2705 <strong>Lista de Palavras-Chave Negativas:<\/strong> Evite cliques in\u00fateis e atraia o p\u00fablico certo..<\/p>\n<p style=\"text-align: center;\"><b>Todo esse material juntamente com os b\u00f4nus, de <del datetime=\"2025-01-07T20:47:48+00:00\">R$ 147<\/del>\u00a0por apenas:<\/b><\/p>\n<h1><b>R$ 37<\/b><\/h1>\n<p>\t\t\t\t\t<a role=\"button\"><br \/>\n\t\t\t\t\t\t\t\t\tSIM! QUERO O CHECKLIST<br \/>\n\t\t\t\t\t<\/a><br \/>\n\t\t\t\t\t\t\t\t\t\t\t\t\t\t\t<img loading=\"lazy\" decoding=\"async\" width=\"840\" height=\"840\" src=\"https:\/\/gedasiolima.com\/wp-content\/uploads\/2022\/07\/Selo-de-Garantia-de-7-Dias-PNG-Transparente-Sem-Fundo-1024x1024.png\" alt=\"\" srcset=\"https:\/\/gedasiolima.com\/wp-content\/uploads\/2022\/07\/Selo-de-Garantia-de-7-Dias-PNG-Transparente-Sem-Fundo-1024x1024.png 1024w, https:\/\/gedasiolima.com\/wp-content\/uploads\/2022\/07\/Selo-de-Garantia-de-7-Dias-PNG-Transparente-Sem-Fundo-300x300.png 300w, https:\/\/gedasiolima.com\/wp-content\/uploads\/2022\/07\/Selo-de-Garantia-de-7-Dias-PNG-Transparente-Sem-Fundo-150x150.png 150w, https:\/\/gedasiolima.com\/wp-content\/uploads\/2022\/07\/Selo-de-Garantia-de-7-Dias-PNG-Transparente-Sem-Fundo-768x769.png 768w, https:\/\/gedasiolima.com\/wp-content\/uploads\/2022\/07\/Selo-de-Garantia-de-7-Dias-PNG-Transparente-Sem-Fundo-1536x1536.png 1536w, https:\/\/gedasiolima.com\/wp-content\/uploads\/2022\/07\/Selo-de-Garantia-de-7-Dias-PNG-Transparente-Sem-Fundo-2048x2048.png 2048w, https:\/\/gedasiolima.com\/wp-content\/uploads\/2022\/07\/Selo-de-Garantia-de-7-Dias-PNG-Transparente-Sem-Fundo-1080x1081.png 1080w, https:\/\/gedasiolima.com\/wp-content\/uploads\/2022\/07\/Selo-de-Garantia-de-7-Dias-PNG-Transparente-Sem-Fundo-1280x1281.png 1280w, https:\/\/gedasiolima.com\/wp-content\/uploads\/2022\/07\/Selo-de-Garantia-de-7-Dias-PNG-Transparente-Sem-Fundo-980x981.png 980w, https:\/\/gedasiolima.com\/wp-content\/uploads\/2022\/07\/Selo-de-Garantia-de-7-Dias-PNG-Transparente-Sem-Fundo-480x480.png 480w\" sizes=\"auto, (max-width: 709px) 85vw, (max-width: 909px) 67vw, (max-width: 1362px) 62vw, 840px\" \/>\t\t\t\t\t\t\t\t\t\t\t\t\t\t\t<\/p>\n<h2>Garantia de Satisfa\u00e7\u00e3o<\/h2>\n<p>Experimente sem riscos! Se em 7 dias voc\u00ea n\u00e3o estiver satisfeito, devolvo 100% do seu investimento.<\/p>\n<h2>Gedasio Lima<\/h2>\n<p>\t\t\t\t\t\t\t\t\t\t\t\t\t\t\t<img decoding=\"async\" src=\"https:\/\/gedasiolima.com\/wp-content\/uploads\/elementor\/thumbs\/IMG_1942-e1736161137947-qzlstw4pu58c48099cple3dhi33gu6hkjllg5qqhbk.jpg\" title=\"IMG_1942\" alt=\"IMG_1942\" loading=\"lazy\" \/>\t\t\t\t\t\t\t\t\t\t\t\t\t\t\t<\/p>\n<p style=\"text-align: center;\">Trago comigo o lema: <strong>&#8220;Empreender Transforma e Liberta!&#8221;<\/strong><\/p>\n<p>Nordestino com orgulho, criado na Bahia, por\u00e9m meio N\u00f4made, j\u00e1 rodei por 12 estados e morei no Rio e em Floripa, mas sempre voltando pra minha querida Bahia.<\/p>\n<p> Conheci o mercado digital, da\u00ed comecei a expandir minha mentalidade e mudar minha realidade.\u00a0<\/p>\n<p><strong>Palestrante, Estrategista, Mentor e Gestor de Tr\u00e1fego.<\/strong><\/p>\n<p><strong>Empreendedor digital desde 2014,<\/strong> j\u00e1 investi mais de 7 milh\u00f5es em tr\u00e1fego, criador de 4 infoprodutos de sucesso, ajudou a escalar dezenas de produtos, de parceiros e Mentorados.<\/p>\n<p>\t\t\t\t\t\t\t\t\t\t\t\t\t\t\t<img loading=\"lazy\" decoding=\"async\" width=\"840\" height=\"343\" src=\"https:\/\/gedasiolima.com\/wp-content\/uploads\/2023\/10\/network-min.png\" alt=\"\" srcset=\"https:\/\/gedasiolima.com\/wp-content\/uploads\/2023\/10\/network-min.png 1023w, https:\/\/gedasiolima.com\/wp-content\/uploads\/2023\/10\/network-min-300x123.png 300w, https:\/\/gedasiolima.com\/wp-content\/uploads\/2023\/10\/network-min-768x314.png 768w\" sizes=\"auto, (max-width: 709px) 85vw, (max-width: 909px) 67vw, (max-width: 1362px) 62vw, 840px\" \/>\t\t\t\t\t\t\t\t\t\t\t\t\t\t\t<\/p>\n<p>A empresa SFT DIGITAL, portadora do CNPJ 27.267.096\/0001-05, n\u00e3o tem nenhuma rela\u00e7\u00e3o institucional com nenhuma rede social ou de entretenimento.\u00a0<\/p>\n<p>Nossos produtos, sites, v\u00eddeos, palestras, programas ou outros conte\u00fados, tem o intuito de ajudar o neg\u00f3cio ou empres\u00e1rio, no entanto, a SFT DIGITAL n\u00e3o declara que ser\u00e1 obtido quaisquer resultados.<\/p>\n<p>D\u00favidas envie um email para:\u00a0<a href=\"mailto:suporte@gedasiolima.com.\">suporte@gedasiolima.com<\/a><\/p>\n<p><strong><a style=\"color: #fff;\" href=\"https:\/\/gedasiolima.com\/politica-de-privacidade\/\">Pol\u00edticas de Privacidade<\/a><\/strong>\u00a0 \u00a0|<strong> \u00a0<a style=\"color: #fff;\" href=\"https:\/\/gedasiolima.com\/termos-de-uso\/\">Termos de Uso<\/a><br \/><\/strong>\u00a9 2023 gedasiolima.com | Todos os Direitos Reservados<\/p>\n","protected":false},"excerpt":{"rendered":"<p>Transforme suas campanhas de Google Ads Pesquisa em verdadeiras m\u00e1quinas de convers\u00e3o! \u2705 Evite erros que desperdi\u00e7am dinheiro; \u2705 Aumente os resultados com campanhas mais assertivas; \u2705 Foque no que importa e crie campanhas vencedoras. Utilize um checklist pr\u00e1tico e direto ao ponto! SIM! QUERO O CHECKLIST Com este Checklist voc\u00ea vai: \u2705 Criar campanhas [&hellip;]<\/p>\n","protected":false},"author":1,"featured_media":0,"parent":0,"menu_order":0,"comment_status":"closed","ping_status":"closed","template":"elementor_canvas","meta":{"footnotes":""},"class_list":["post-9677","page","type-page","status-publish","hentry"],"_links":{"self":[{"href":"https:\/\/gedasiolima.com\/links\/wp-json\/wp\/v2\/pages\/9677","targetHints":{"allow":["GET"]}}],"collection":[{"href":"https:\/\/gedasiolima.com\/links\/wp-json\/wp\/v2\/pages"}],"about":[{"href":"https:\/\/gedasiolima.com\/links\/wp-json\/wp\/v2\/types\/page"}],"author":[{"embeddable":true,"href":"https:\/\/gedasiolima.com\/links\/wp-json\/wp\/v2\/users\/1"}],"replies":[{"embeddable":true,"href":"https:\/\/gedasiolima.com\/links\/wp-json\/wp\/v2\/comments?post=9677"}],"version-history":[{"count":140,"href":"https:\/\/gedasiolima.com\/links\/wp-json\/wp\/v2\/pages\/9677\/revisions"}],"predecessor-version":[{"id":10150,"href":"https:\/\/gedasiolima.com\/links\/wp-json\/wp\/v2\/pages\/9677\/revisions\/10150"}],"wp:attachment":[{"href":"https:\/\/gedasiolima.com\/links\/wp-json\/wp\/v2\/media?parent=9677"}],"curies":[{"name":"wp","href":"https:\/\/api.w.org\/{rel}","templated":true}]}}