{"id":73841,"date":"2025-10-02T23:45:56","date_gmt":"2025-10-02T23:45:56","guid":{"rendered":"https:\/\/gedasiolima.com\/?page_id=73841"},"modified":"2025-10-02T23:59:31","modified_gmt":"2025-10-02T23:59:31","slug":"mapa-01","status":"publish","type":"page","link":"https:\/\/gedasiolima.com\/links\/mapa-01\/","title":{"rendered":"Como Fazer a Rede Social Mostrar Seu Neg\u00f3cio Para Todo Mundo da Sua Regi\u00e3o"},"content":{"rendered":"<h2>Como Fazer o Instagram Mostrar Seu Neg\u00f3cio Para Todo Mundo da Sua Regi\u00e3o<\/h2>\n<p>\t\thttps:\/\/www.youtube.com\/watch?v=5OQPFBGY3nY<\/p>\n<p><strong>Aperte no bot\u00e3o abaixo para falar comigo no WhatsApp.<\/strong><\/p>\n<p>\t\t\t\t\t<a href=\"https:\/\/api.whatsapp.com\/send?phone=5571999769876&#038;text=Ol%C3%A1%20Gedasio,%20quero%20organizar%20meu%20instagram%20com%20vc\"><br \/>\n\t\t\t\t\t\t\t\t\tQuero Organizar Meu Instagram<br \/>\n\t\t\t\t\t<\/a><br \/>\n\t\t\t\t\t\t\t\t\t\t\t\t\t\t\t<img decoding=\"async\" src=\"https:\/\/gedasiolima.com\/wp-content\/uploads\/elementor\/thumbs\/IMG_1942-e1736161137947-qzlstw4pu58c48099cple3dhi33gu6hkjllg5qqhbk.jpg\" title=\"IMG_1942\" alt=\"IMG_1942\" loading=\"lazy\" \/>\t\t\t\t\t\t\t\t\t\t\t\t\t\t\t<\/p>\n<h2>gedasio lima<\/h2>\n<h2>Trago comigo o lema: &#8220;Empreender Transforma e Liberta!&#8221;<\/h2>\n<h2>Nordestino com orgulho, criado na Bahia, por\u00e9m meio N\u00f4made, j\u00e1 rodei por 12 estados e morei no Rio e em Floripa, mas sempre voltando pra minha querida Bahia.<\/h2>\n<h2>Conheci o mercado digital, da\u00ed comecei a expandir minha mentalidade e mudar minha realidade.<\/h2>\n<h2>Palestrante, Estrategista, Mentor e Gestor de Tr\u00e1fego.<\/h2>\n<h2>Empreendedor digital desde 2014.<\/h2>\n<p>\t\t\t\t\t\t\t\t\t\t\t\t\t\t\t<img loading=\"lazy\" decoding=\"async\" width=\"800\" height=\"327\" src=\"https:\/\/gedasiolima.com\/wp-content\/uploads\/2023\/10\/network-min.png\" alt=\"\" srcset=\"https:\/\/gedasiolima.com\/wp-content\/uploads\/2023\/10\/network-min.png 1023w, https:\/\/gedasiolima.com\/wp-content\/uploads\/2023\/10\/network-min-300x123.png 300w, https:\/\/gedasiolima.com\/wp-content\/uploads\/2023\/10\/network-min-768x314.png 768w\" sizes=\"auto, (max-width: 800px) 100vw, 800px\" \/>\t\t\t\t\t\t\t\t\t\t\t\t\t\t\t<\/p>\n<p>A empresa SFT DIGITAL, portadora do CNPJ 27.267.096\/0001-05, n\u00e3o tem nenhuma rela\u00e7\u00e3o institucional com nenhuma rede social ou de entretenimento.Nossos produtos, sites, v\u00eddeos, palestras, programas ou outros conte\u00fados, tem o intuito de ajudar o neg\u00f3cio ou empres\u00e1rio, no entanto, a SFT DIGITAL n\u00e3o declara que ser\u00e1 obtido quaisquer resultados. D\u00favidas envie um email para: suporte@gedasiolima.com.<\/p>\n<p><b><strong><a href=\"https:\/\/gedasiolima.com\/politica-de-privacidade\/\">Pol\u00edticas de Privacidade<\/a><\/strong>\u00a0 \u00a0|<strong>\u00a0\u00a0<a href=\"https:\/\/gedasiolima.com\/termos-de-uso\/\">Termos de Uso<\/a><br \/><\/strong>\u00a9 2025 gedasiolima.com | Todos os Direitos Reservados<\/b><\/p>\n","protected":false},"excerpt":{"rendered":"<p>Como Fazer o Instagram Mostrar Seu Neg\u00f3cio Para Todo Mundo da Sua Regi\u00e3o https:\/\/www.youtube.com\/watch?v=5OQPFBGY3nY Aperte no bot\u00e3o abaixo para falar comigo no WhatsApp. Quero Organizar Meu Instagram gedasio lima Trago comigo o lema: &#8220;Empreender Transforma e Liberta!&#8221; Nordestino com orgulho, criado na Bahia, por\u00e9m meio N\u00f4made, j\u00e1 rodei por 12 estados e morei no Rio [&hellip;]<\/p>\n","protected":false},"author":1,"featured_media":0,"parent":0,"menu_order":0,"comment_status":"closed","ping_status":"closed","template":"elementor_canvas","meta":{"footnotes":""},"class_list":["post-73841","page","type-page","status-publish","hentry"],"_links":{"self":[{"href":"https:\/\/gedasiolima.com\/links\/wp-json\/wp\/v2\/pages\/73841","targetHints":{"allow":["GET"]}}],"collection":[{"href":"https:\/\/gedasiolima.com\/links\/wp-json\/wp\/v2\/pages"}],"about":[{"href":"https:\/\/gedasiolima.com\/links\/wp-json\/wp\/v2\/types\/page"}],"author":[{"embeddable":true,"href":"https:\/\/gedasiolima.com\/links\/wp-json\/wp\/v2\/users\/1"}],"replies":[{"embeddable":true,"href":"https:\/\/gedasiolima.com\/links\/wp-json\/wp\/v2\/comments?post=73841"}],"version-history":[{"count":10,"href":"https:\/\/gedasiolima.com\/links\/wp-json\/wp\/v2\/pages\/73841\/revisions"}],"predecessor-version":[{"id":73852,"href":"https:\/\/gedasiolima.com\/links\/wp-json\/wp\/v2\/pages\/73841\/revisions\/73852"}],"wp:attachment":[{"href":"https:\/\/gedasiolima.com\/links\/wp-json\/wp\/v2\/media?parent=73841"}],"curies":[{"name":"wp","href":"https:\/\/api.w.org\/{rel}","templated":true}]}}