{"id":73766,"date":"2025-07-04T15:27:01","date_gmt":"2025-07-04T15:27:01","guid":{"rendered":"https:\/\/gedasiolima.com\/?page_id=73766"},"modified":"2025-07-04T16:19:59","modified_gmt":"2025-07-04T16:19:59","slug":"mentoria-em-grupo","status":"publish","type":"page","link":"https:\/\/gedasiolima.com\/links\/mentoria-em-grupo\/","title":{"rendered":"Mentoria em Grupo"},"content":{"rendered":"<h2>MENTORIA EM GRUPO SOBRE REDE DE PESQUISA DO GOOGLE ADS<\/h2>\n<p>\t\t\t\t\t\t\tVou revelar as principais ferramentas que EU utilizo para subir qualquer campanha na rede de pesquisa.<br \/>\n\t\t\t\t\t\t\tSess\u00e3o de tira d\u00favidas sobre o Google Ads Pesquisa<br \/>\n\t\t\t\t\tSess\u00e3o de Mentoria Gratuita, Ao Vivo e em Grupo<br \/>\n\t\t\t\t\t<a href=\"https:\/\/forms.gle\/hRtpxfT9An956nBu6\"><br \/>\n\t\t\t\t\t\t\t\t\tQUERO PARTICIPAR!<br \/>\n\t\t\t\t\t<\/a><\/p>\n<h3>\n\t\t\t\t\tPARA QUEM N\u00c3O \u00c9 INDICADO:<br \/>\n\t\t\t\t<\/h3>\n<p>\t\t\t\t\t\t\t\t\t\t\t\t\t\t\t<img loading=\"lazy\" decoding=\"async\" width=\"800\" height=\"564\" src=\"https:\/\/gedasiolima.com\/wp-content\/uploads\/2025\/07\/Mockup-Google-ADS-10-1536x1082.png\" alt=\"\" srcset=\"https:\/\/gedasiolima.com\/wp-content\/uploads\/2025\/07\/Mockup-Google-ADS-10-1536x1082.png 1536w, https:\/\/gedasiolima.com\/wp-content\/uploads\/2025\/07\/Mockup-Google-ADS-10-300x211.png 300w, https:\/\/gedasiolima.com\/wp-content\/uploads\/2025\/07\/Mockup-Google-ADS-10-1024x721.png 1024w, https:\/\/gedasiolima.com\/wp-content\/uploads\/2025\/07\/Mockup-Google-ADS-10-768x541.png 768w, https:\/\/gedasiolima.com\/wp-content\/uploads\/2025\/07\/Mockup-Google-ADS-10.png 1920w\" sizes=\"auto, (max-width: 800px) 100vw, 800px\" \/><br \/>\n\t\t\t\t\t\t\tPARA QUEM N\u00c3O SABE SUBIR CAMPANHA NA REDE PESQUISA\t\t\t\t\t\t<\/p>\n<p>\n\t\t\t\t\t\tA mentoria vai ser focada em ajudar pessoas que j\u00e1 sabem anunciar, logo quem n\u00e3o faz ideia de como subir uma campanha pode ficar perdido.\t\t\t\t\t<\/p>\n<p>\t\t\t\t\t\t\tPARA QUEM ESTA BUSCANDO UM &#8220;MILAGRE&#8221;\t\t\t\t\t\t<\/p>\n<p>\n\t\t\t\t\t\tTr\u00e1fego n\u00e3o faz milagre, eu n\u00e3o fa\u00e7o milagre, logo quem est\u00e1 desesperado eu n\u00e3o consigo ajudar.\t\t\t\t\t<\/p>\n<p>\t\t\t\t\t<a href=\"https:\/\/forms.gle\/hRtpxfT9An956nBu6\"><br \/>\n\t\t\t\t\t\t\t\t\tQUERO PARTICIPAR!<br \/>\n\t\t\t\t\t<\/a><\/p>\n<h2>PARA QUEM \u00c9 INDICADO?<\/h2>\n<h2>prestador de servi\u00e7o<\/h2>\n<h2>Ideal para prestador de servi\u00e7o que faz compra de leads na rede de pesquisa;<\/h2>\n<h2>neg\u00f3cio local<\/h2>\n<h2>Excelente para dono de neg\u00f3cio local.<\/h2>\n<h2>afiliado no geral<\/h2>\n<h2>Afiliado de produtos digitais e f\u00edsicos, seja no Brasil ou na Gringa. <\/h2>\n<h2>infoprodutor<\/h2>\n<h2>Infoprodutor que quer maximizar as vendas de seus cursos, treinamentos e mentorias na rede de pesquisa.<\/h2>\n<p>\t\t\t\t\t<a href=\"https:\/\/forms.gle\/hRtpxfT9An956nBu6\"><br \/>\n\t\t\t\t\t\t\t\t\tQUERO PARTICIPAR!<br \/>\n\t\t\t\t\t<\/a><br \/>\n\t\t\t\t\t\t\t\t\t\t\t\t\t\t\t<img decoding=\"async\" src=\"https:\/\/gedasiolima.com\/wp-content\/uploads\/elementor\/thumbs\/IMG_1942-e1736161137947-qzlstw4pu58c48099cple3dhi33gu6hkjllg5qqhbk.jpg\" title=\"IMG_1942\" alt=\"IMG_1942\" loading=\"lazy\" \/>\t\t\t\t\t\t\t\t\t\t\t\t\t\t\t<\/p>\n<h2>gedasio lima<\/h2>\n<h2>Trago comigo o lema: &#8220;Empreender Transforma e Liberta!&#8221;<\/h2>\n<h2>Nordestino com orgulho, criado na Bahia, por\u00e9m meio N\u00f4made, j\u00e1 rodei por 12 estados e morei no Rio e em Floripa, mas sempre voltando pra minha querida Bahia.<\/h2>\n<h2>Conheci o mercado digital, da\u00ed comecei a expandir minha mentalidade e mudar minha realidade.<\/h2>\n<h2>Palestrante, Estrategista, Mentor e Gestor de Tr\u00e1fego.<\/h2>\n<h2>Empreendedor digital desde 2014, j\u00e1 investi mais de 8 milh\u00f5es em tr\u00e1fego, ajudando a escalar dezenas de produtos pr\u00f3prios, de parceiros e Mentorados.<\/h2>\n<p>\t\t\t\t\t\t\t\t\t\t\t\t\t\t\t<img loading=\"lazy\" decoding=\"async\" width=\"800\" height=\"327\" src=\"https:\/\/gedasiolima.com\/wp-content\/uploads\/2023\/10\/network-min.png\" alt=\"\" srcset=\"https:\/\/gedasiolima.com\/wp-content\/uploads\/2023\/10\/network-min.png 1023w, https:\/\/gedasiolima.com\/wp-content\/uploads\/2023\/10\/network-min-300x123.png 300w, https:\/\/gedasiolima.com\/wp-content\/uploads\/2023\/10\/network-min-768x314.png 768w\" sizes=\"auto, (max-width: 800px) 100vw, 800px\" \/><br \/>\n\t\t\t\t\t<a href=\"https:\/\/forms.gle\/hRtpxfT9An956nBu6\"><br \/>\n\t\t\t\t\t\t\t\t\tQUERO PARTICIPAR!<br \/>\n\t\t\t\t\t<\/a><\/p>\n<p>A empresa SFT DIGITAL, portadora do CNPJ 27.267.096\/0001-05, n\u00e3o tem nenhuma rela\u00e7\u00e3o institucional com nenhuma rede social ou de entretenimento.Nossos produtos, sites, v\u00eddeos, palestras, programas ou outros conte\u00fados, tem o intuito de ajudar o neg\u00f3cio ou empres\u00e1rio, no entanto, a SFT DIGITAL n\u00e3o declara que ser\u00e1 obtido quaisquer resultados. D\u00favidas envie um email para: suporte@gedasiolima.com.<\/p>\n<p><b><strong><a href=\"https:\/\/gedasiolima.com\/politica-de-privacidade\/\">Pol\u00edticas de Privacidade<\/a><\/strong>\u00a0 \u00a0|<strong>\u00a0\u00a0<a href=\"https:\/\/gedasiolima.com\/termos-de-uso\/\">Termos de Uso<\/a><br \/><\/strong>\u00a9 2025 gedasiolima.com | Todos os Direitos Reservados<\/b><\/p>\n","protected":false},"excerpt":{"rendered":"<p>MENTORIA EM GRUPO SOBRE REDE DE PESQUISA DO GOOGLE ADS Vou revelar as principais ferramentas que EU utilizo para subir qualquer campanha na rede de pesquisa. Sess\u00e3o de tira d\u00favidas sobre o Google Ads Pesquisa Sess\u00e3o de Mentoria Gratuita, Ao Vivo e em Grupo QUERO PARTICIPAR! PARA QUEM N\u00c3O \u00c9 INDICADO: PARA QUEM N\u00c3O SABE [&hellip;]<\/p>\n","protected":false},"author":1,"featured_media":0,"parent":0,"menu_order":0,"comment_status":"closed","ping_status":"closed","template":"elementor_canvas","meta":{"footnotes":""},"class_list":["post-73766","page","type-page","status-publish","hentry"],"_links":{"self":[{"href":"https:\/\/gedasiolima.com\/links\/wp-json\/wp\/v2\/pages\/73766","targetHints":{"allow":["GET"]}}],"collection":[{"href":"https:\/\/gedasiolima.com\/links\/wp-json\/wp\/v2\/pages"}],"about":[{"href":"https:\/\/gedasiolima.com\/links\/wp-json\/wp\/v2\/types\/page"}],"author":[{"embeddable":true,"href":"https:\/\/gedasiolima.com\/links\/wp-json\/wp\/v2\/users\/1"}],"replies":[{"embeddable":true,"href":"https:\/\/gedasiolima.com\/links\/wp-json\/wp\/v2\/comments?post=73766"}],"version-history":[{"count":33,"href":"https:\/\/gedasiolima.com\/links\/wp-json\/wp\/v2\/pages\/73766\/revisions"}],"predecessor-version":[{"id":73802,"href":"https:\/\/gedasiolima.com\/links\/wp-json\/wp\/v2\/pages\/73766\/revisions\/73802"}],"wp:attachment":[{"href":"https:\/\/gedasiolima.com\/links\/wp-json\/wp\/v2\/media?parent=73766"}],"curies":[{"name":"wp","href":"https:\/\/api.w.org\/{rel}","templated":true}]}}