{"id":610,"date":"2022-08-08T19:54:51","date_gmt":"2022-08-08T19:54:51","guid":{"rendered":"https:\/\/gedasiolima.com\/?page_id=610"},"modified":"2022-10-04T17:37:42","modified_gmt":"2022-10-04T17:37:42","slug":"lp2","status":"publish","type":"page","link":"https:\/\/gedasiolima.com\/links\/lp2\/","title":{"rendered":"Dominando o YouTube Ads"},"content":{"rendered":"<style>\/*! elementor - v3.7.8 - 02-10-2022 *\/\n.elementor-widget-image{text-align:center}.elementor-widget-image a{display:inline-block}.elementor-widget-image a img[src$=\".svg\"]{width:48px}.elementor-widget-image img{vertical-align:middle;display:inline-block}<\/style>\n<p>\t\t\t\t\t\t\t\t\t\t\t\t<img decoding=\"async\" src=\"https:\/\/gedasiolima.com\/wp-content\/uploads\/2022\/09\/11.png\" title=\"1(1)\" alt=\"1(1)\" \/>\t\t\t\t\t\t\t\t\t\t\t\t\t\t\t<\/p>\n<style>\/*! elementor - v3.7.8 - 02-10-2022 *\/\n.elementor-heading-title{padding:0;margin:0;line-height:1}.elementor-widget-heading .elementor-heading-title[class*=elementor-size-]>a{color:inherit;font-size:inherit;line-height:inherit}.elementor-widget-heading .elementor-heading-title.elementor-size-small{font-size:15px}.elementor-widget-heading .elementor-heading-title.elementor-size-medium{font-size:19px}.elementor-widget-heading .elementor-heading-title.elementor-size-large{font-size:29px}.elementor-widget-heading .elementor-heading-title.elementor-size-xl{font-size:39px}.elementor-widget-heading .elementor-heading-title.elementor-size-xxl{font-size:59px}<\/style>\n<h2>\u201cZerar\u201d bloqueios e vender para leads qualificados \u00e9 o sonho de todo empreendedor digital.<\/h2>\n<p style=\"text-align: center;\"><strong>Mas para isso, ter outras fontes de tr\u00e1fego \u00e9 algo vital!<\/strong><\/p>\n<p style=\"text-align: center;\">Para te ajudar a realizar esse sonho eu vou trazer uma possibilidade para voc\u00ea\u2026<\/p>\n<p style=\"text-align: center;\"><b>Uma fonte de tr\u00e1fego mais PR\u00c9VISIVEL, mais ESCAL\u00c1VEL, mais PODEROSA e SEM BLOQUEIOS!\u00a0<\/b><\/p>\n<p style=\"text-align: left;\"><b>Curtiu?<\/b> Ent\u00e3o, veja com aten\u00e7\u00e3o esta p\u00e1gina, ou continue como est\u00e1.\u00a0<\/p>\n<p>\t\t\t\t\t\t\t\t\t\t\t\t\t\t\t<img decoding=\"async\" src=\"https:\/\/gedasiolima.com\/wp-content\/uploads\/2022\/09\/MAOS-1.png\" title=\"M\u00c3OS (1)\" alt=\"M\u00c3OS (1)\" \/>\t\t\t\t\t\t\t\t\t\t\t\t\t\t\t<\/p>\n<h2>\u201cZerar\u201d bloqueios e vender para leads qualificados \u00e9 o sonho de todo empreendedor digital.<\/h2>\n<p style=\"text-align: left;\"><strong>Mas para isso, ter outras fontes de tr\u00e1fego \u00e9 algo vital!<\/strong><\/p>\n<p style=\"text-align: left;\">Para te ajudar a realizar esse sonho eu vou trazer uma possibilidade para voc\u00ea\u2026<\/p>\n<p style=\"text-align: left;\"><b>Uma fonte de tr\u00e1fego mais PR\u00c9VISIVEL, mais ESCAL\u00c1VEL, mais PODEROSA e SEM BLOQUEIOS!\u00a0<\/b><\/p>\n<p style=\"text-align: left;\"><b>Curtiu?<\/b> Ent\u00e3o, veja com aten\u00e7\u00e3o esta p\u00e1gina, ou continue como est\u00e1.\u00a0<\/p>\n<p>\t\t\t\t\t\t\t\t\t\t\t\t\t\t\t<img decoding=\"async\" src=\"https:\/\/gedasiolima.com\/wp-content\/uploads\/2022\/09\/MAOS-1.png\" title=\"M\u00c3OS (1)\" alt=\"M\u00c3OS (1)\" \/>\t\t\t\t\t\t\t\t\t\t\t\t\t\t\t<\/p>\n<h2>Vejo que decidiu ver o que tenho a te mostrar<\/h2>\n<h2>parab\u00e9ns, essa vai ser a melhor escolha que fez para seu neg\u00f3cio<\/h2>\n<style>\/*! elementor - v3.7.8 - 02-10-2022 *\/\n.elementor-column .elementor-spacer-inner{height:var(--spacer-size)}.e-container{--container-widget-width:100%}.e-container>.elementor-widget-spacer{width:var(--container-widget-width,var(--spacer-size));-ms-flex-item-align:stretch;align-self:stretch;-ms-flex-negative:0;flex-shrink:0}.e-container>.elementor-widget-spacer>.elementor-widget-container,.e-container>.elementor-widget-spacer>.elementor-widget-container>.elementor-spacer{height:100%}.e-container>.elementor-widget-spacer>.elementor-widget-container>.elementor-spacer>.elementor-spacer-inner{height:var(--container-widget-height,var(--spacer-size))}<\/style>\n<h2>Digo isso pois vou te dar a possibilidade de inserir uma IMPORTANTE fonte de tr\u00e1fego para seu neg\u00f3cio, fonte de tr\u00e1fego essa que vai te trazer mais VENDAS, mais PREVISIBILIDADE, mais ESCALA e mais TEMPO para voc\u00ea.<\/h2>\n<h2>Sabendo configurar e explorar o YouTube Ads da forma correta voc\u00ea vai ter:<\/h2>\n<h2>MAIS TR\u00c1FEGO<\/h2>\n<h2>MENOS BLOQUEIOS<\/h2>\n<h2>MAIS VENDAS<\/h2>\n<h2>MAIS TEMPO<\/h2>\n<h2>MAIS TR\u00c1FEGO<\/h2>\n<h2>MENOS BLOQUEIOS<\/h2>\n<h2>MAIS VENDAS<\/h2>\n<h2>MAIS TEMPO <\/h2>\n<h2>Eu comecei a usar o Youtube Ads em 2020<\/h2>\n<h2>Na tentativa de fugir dos bloqueios e assim nunca mais ver meu neg\u00f3cio parar de vender.<\/h2>\n<h2>Comecei com um nicho que tinha mais afinidade e tinha produtos meus, depois fui aplicando em neg\u00f3cios de parceiros.<\/h2>\n<h2><b>Pode ver alguns desses resultados abaixo:<br \/>\n<\/b><\/h2>\n<p>\t\t\t\t\t\t\t\t\t\t\t\t\t\t\t<img decoding=\"async\" src=\"https:\/\/gedasiolima.com\/wp-content\/uploads\/2022\/09\/res3.png\" title=\"res3\" alt=\"res3\" \/><br \/>\n\t\t\t\t\t\t\t\t\t\t\t\t\t\t\t<img decoding=\"async\" src=\"https:\/\/gedasiolima.com\/wp-content\/uploads\/2022\/09\/res-e1663015814850.png\" title=\"res\" alt=\"res\" \/><br \/>\n\t\t\t\t\t\t\t\t\t\t\t\t\t\t\t<img decoding=\"async\" width=\"834\" height=\"723\" src=\"https:\/\/gedasiolima.com\/wp-content\/uploads\/2022\/09\/res2-e1663015832840.png\" alt=\"\" loading=\"lazy\" srcset=\"https:\/\/gedasiolima.com\/wp-content\/uploads\/2022\/09\/res2-e1663015832840.png 834w, https:\/\/gedasiolima.com\/wp-content\/uploads\/2022\/09\/res2-e1663015832840-300x260.png 300w, https:\/\/gedasiolima.com\/wp-content\/uploads\/2022\/09\/res2-e1663015832840-768x666.png 768w\" sizes=\"auto, (max-width: 834px) 100vw, 834px\" \/>\t\t\t\t\t\t\t\t\t\t\t\t\t\t\t<\/p>\n<h2>Veja o que esses parceiros falaRAm<\/h2>\n<h3>sobre o trabalho feito no YouTube Ads.<\/h3>\n<p>\t\t<iframe loading=\"lazy\" title=\"Depoimento de Alryom,  sobre Gedasio Lima com YouTube Ads\" width=\"500\" height=\"281\" src=\"https:\/\/www.youtube.com\/embed\/X9OfSwTFPJQ?feature=oembed\" frameborder=\"0\" allow=\"accelerometer; autoplay; clipboard-write; encrypted-media; gyroscope; picture-in-picture; web-share\" referrerpolicy=\"strict-origin-when-cross-origin\" allowfullscreen><\/iframe>\t\t<\/p>\n<h2>\u201c&#8230;Meu custo por lead era de uns R$4,50\u2026 E passei a pagar MENOS DA METADE do que estava pagando antes\u2026\u201d<\/h2>\n<h2>Alryom Estelar<\/h2>\n<p>\t\t<iframe loading=\"lazy\" title=\"Depoimento de Murilo Battisti, sobre Gedasio Lima com YouTube Ads\" width=\"500\" height=\"281\" src=\"https:\/\/www.youtube.com\/embed\/t6FlOI9Pk8s?feature=oembed\" frameborder=\"0\" allow=\"accelerometer; autoplay; clipboard-write; encrypted-media; gyroscope; picture-in-picture; web-share\" referrerpolicy=\"strict-origin-when-cross-origin\" allowfullscreen><\/iframe>\t\t<\/p>\n<h2>\u201c&#8230;Tava s\u00f3 empatando e a escala s\u00f3 veio\u00a0a partir do YouTube Ads&#8230;\u201d<\/h2>\n<h2>Murilo Battisti<\/h2>\n<p>\t\t<iframe loading=\"lazy\" title=\"Depoimento de D\u00eanis Moraes, sobre Gedasio Lima com YouTube Ads\" width=\"500\" height=\"281\" src=\"https:\/\/www.youtube.com\/embed\/9R305u_r_ts?feature=oembed\" frameborder=\"0\" allow=\"accelerometer; autoplay; clipboard-write; encrypted-media; gyroscope; picture-in-picture; web-share\" referrerpolicy=\"strict-origin-when-cross-origin\" allowfullscreen><\/iframe>\t\t<\/p>\n<h2>\u201c&#8230;Depois que comecei a usar o YouTube Ads seguindo o passo a passo que o Gedasio me passou conseguir bater mais de R$ 700k em duas plataformas diferentes\u2026\u201d<\/h2>\n<h2>Denis Moraes<\/h2>\n<h2>O que aconteceu <\/h2>\n<h2>para ter esses resultados?<br \/>\n<\/h2>\n<p>Primeiro, o YouTube \u00e9 um oceano azul quando se fala de tr\u00e1fego.<\/p>\n<p>Tem pouca concorr\u00eancia e uma possibilidade de escola quase infinita ( Isso \u00e9 at\u00e9 um problema se n\u00e3o souber usar a ferramenta).<\/p>\n<p>Eu poderia falar horas sobre o tamanho que \u00e9 o YouTube, mas s\u00f3 veja essas materias abaixo:<\/p>\n<p>\t\t\t\t\t\t\t\t\t\t\t\t\t\t\t<img decoding=\"async\" src=\"https:\/\/gedasiolima.com\/wp-content\/uploads\/2022\/09\/g1.png\" title=\"g1\" alt=\"g1\" \/><br \/>\n\t\t\t\t\t\t\t\t\t\t\t\t\t\t\t<img decoding=\"async\" src=\"https:\/\/gedasiolima.com\/wp-content\/uploads\/2022\/09\/image-6.png\" title=\"image (6)\" alt=\"image (6)\" \/><br \/>\n\t\t\t\t\t\t\t\t\t\t\t\t\t\t\t<img decoding=\"async\" src=\"https:\/\/gedasiolima.com\/wp-content\/uploads\/2022\/09\/image-7.png\" title=\"image (7)\" alt=\"image (7)\" \/><br \/>\n\t\t\t\t\t\t\t\t\t\t\t\t\t\t\t<img decoding=\"async\" src=\"https:\/\/gedasiolima.com\/wp-content\/uploads\/2022\/09\/image-10.png\" title=\"image (10)\" alt=\"image (10)\" \/>\t\t\t\t\t\t\t\t\t\t\t\t\t\t\t<\/p>\n<h2>E n\u00e3o \u00e9 apenas isso, o Youtube \u00e9 o segundo site<\/h2>\n<h2>mais acessado do Brasil e do mundo, veja:<\/h2>\n<p>\t\t\t\t\t\t\t\t\t\t\t\t\t\t\t<img decoding=\"async\" src=\"https:\/\/gedasiolima.com\/wp-content\/uploads\/2022\/09\/image-14-min.png\" title=\"image (14)-min\" alt=\"image (14)-min\" \/><br \/>\n\t\t\t\t\t\t\t\t\t\t\t\t\t\t\t<img decoding=\"async\" src=\"https:\/\/gedasiolima.com\/wp-content\/uploads\/2022\/09\/image-9-min.png\" title=\"image (9)-min\" alt=\"image (9)-min\" \/>\t\t\t\t\t\t\t\t\t\t\t\t\t\t\t<\/p>\n<h2>Ser\u00e1 que tem escala no Youtube Ads?<br \/>\n<\/h2>\n<h2>SIM, Tem muita escala!!<br \/>\n<\/h2>\n<p style=\"text-align: center;\">Mas n\u00e3o adianta apenas ter escala, precisa saber fazer da forma correta.\u00a0<\/p>\n<p style=\"text-align: center;\"><strong>E sobre anunciar no YouTube o que eu MAIS OUVI quando comecei foi:<\/strong><\/p>\n<link rel=\"stylesheet\" href=\"https:\/\/gedasiolima.com\/wp-content\/plugins\/elementor\/assets\/css\/widget-icon-box.min.css\">\n<h3>\n\t\t\t\t\t\t \u201cAnuncia em canais do nicho\u201d<br \/>\n\t\t\t\t<\/h3>\n<h3>\n\t\t\t\t\t\t\u201cAnuncia no canal dos concorrentes\u201d<br \/>\n\t\t\t\t<\/h3>\n<p style=\"text-align: center;\"><strong>Isso at\u00e9 da certo, mais n\u00e3o tem escola.<\/strong><\/p>\n<p>A escala vem de anunciar onde seu cliente est\u00e1 no YouTube<\/p>\n<p>\t\t\t\t\t\t\t\t\t\t\t\t\t\t\t<img decoding=\"async\" src=\"https:\/\/gedasiolima.com\/wp-content\/uploads\/2022\/09\/5.png\" title=\"5\" alt=\"5\" \/>\t\t\t\t\t\t\t\t\t\t\t\t\t\t\t<\/p>\n<p><b>Comecei ent\u00e3o a procurar por orienta\u00e7\u00e3o,<\/b> mas n\u00e3o achei.<\/p>\n<p>E olha que conversei com muita gente que \u00e9 fera no Google ads, <b>mas sobre YouTube Ads, ningu\u00e9m sabia me explicar.<\/b><\/p>\n<p>Isso porque apesar de ser a mesma plataforma, as formas de anunciar s\u00e3o diferentes.<\/p>\n<p><b>Entenda que no Google Ads,<\/b> rede de pesquisa \u00e9 um tipo de usu\u00e1rio, display \u00e9 outro tipo, YouTube \u00e9 outro e por a\u00ed vai.<\/p>\n<p>At\u00e9 o pessoal do Google me passava orienta\u00e7\u00f5es que n\u00e3o faziam sentido. <\/p>\n<p><b>Os atendentes do Google olhavam minhas campanhas e n\u00e3o entendiam como eu estava tendo resultado no YouTube Ads para convers\u00e3o.<\/b><\/p>\n<p>\t\t\t\t\t\t\t\t\t\t\t\t\t\t\t<img decoding=\"async\" width=\"759\" height=\"1024\" src=\"https:\/\/gedasiolima.com\/wp-content\/uploads\/2022\/09\/11-759x1024.png\" alt=\"\" loading=\"lazy\" srcset=\"https:\/\/gedasiolima.com\/wp-content\/uploads\/2022\/09\/11-759x1024.png 759w, https:\/\/gedasiolima.com\/wp-content\/uploads\/2022\/09\/11-222x300.png 222w, https:\/\/gedasiolima.com\/wp-content\/uploads\/2022\/09\/11-768x1037.png 768w, https:\/\/gedasiolima.com\/wp-content\/uploads\/2022\/09\/11-480x648.png 480w, https:\/\/gedasiolima.com\/wp-content\/uploads\/2022\/09\/11.png 800w\" sizes=\"auto, (max-width: 759px) 100vw, 759px\" \/>\t\t\t\t\t\t\t\t\t\t\t\t\t\t\t<\/p>\n<h2>O que eu fiz ent\u00e3o para<\/h2>\n<h3>surpreender tanta gente?<br \/>\n<\/h3>\n<p>Eu consegui desenvolver uma metodologia com a qual <b>\u00e9 poss\u00edvel encontrar o cliente certo!<\/b> Al\u00e9m de otimizar as campanhas de forma mais assertiva e <b>aquecer o pixel em tempo recorde.\u00a0<\/b><\/p>\n<p>Esta metodologia possui <b>04 pilares que combinados fazem suas vendas decolarem.<\/b><\/p>\n<p>\t\t\t\t\t\t\t\t\t\t\t\t\t\t\t<img decoding=\"async\" width=\"759\" height=\"1024\" src=\"https:\/\/gedasiolima.com\/wp-content\/uploads\/2022\/09\/11-759x1024.png\" alt=\"\" loading=\"lazy\" srcset=\"https:\/\/gedasiolima.com\/wp-content\/uploads\/2022\/09\/11-759x1024.png 759w, https:\/\/gedasiolima.com\/wp-content\/uploads\/2022\/09\/11-222x300.png 222w, https:\/\/gedasiolima.com\/wp-content\/uploads\/2022\/09\/11-768x1037.png 768w, https:\/\/gedasiolima.com\/wp-content\/uploads\/2022\/09\/11-480x648.png 480w, https:\/\/gedasiolima.com\/wp-content\/uploads\/2022\/09\/11.png 800w\" sizes=\"auto, (max-width: 759px) 100vw, 759px\" \/>\t\t\t\t\t\t\t\t\t\t\t\t\t\t\t<\/p>\n<h2>OS 04 PILARES DA<\/h2>\n<h2>metodologia s\u00e3o:<br \/>\n<\/h2>\n<h3>\n\t\t\t\t\t\tDire\u00e7\u00e3o Sniper<br \/>\n\t\t\t\t<\/h3>\n<p>\n\t\t\t\t\t\tUma forma de direcionar o YouTube Ads quase como um sniper, para atingir o seu potencial cliente de forma certeira e poupar milhares de reais.\t\t\t\t\t<\/p>\n<h3>\n\t\t\t\t\t\tV\u00eddeo Magn\u00e9tico<br \/>\n\t\t\t\t<\/h3>\n<p>\n\t\t\t\t\t\tExiste um script de v\u00eddeo matador que sempre atrai o lead correto para ver a sua oferta, despertando o desejo e a curiosidade de forma simples e direta.\n\t\t\t\t\t<\/p>\n<h3>\n\t\t\t\t\t\tTurbinador de Convers\u00e3o<br \/>\n\t\t\t\t<\/h3>\n<p>\n\t\t\t\t\t\tUma forma \u00fanica de aquecer o pixel do Youtube Ads em dias, trazendo um maior volume de convers\u00f5es gerais e potencializando a otimiza\u00e7\u00e3o das campanhas.\t\t\t\t\t<\/p>\n<h3>\n\t\t\t\t\t\tBurlador Desonesto<br \/>\n\t\t\t\t<\/h3>\n<p>\n\t\t\t\t\t\tEu Hackiei como coletar os dados cedidos pelo pr\u00f3prio YouTube e como usa-l\u00f3s de forma praticamente desonesta para gerar mais resultados.\n\t\t\t\t\t<\/p>\n<p>\t\t\t\t\t\t\t\t\t\t\t\t\t\t\t<img decoding=\"async\" src=\"https:\/\/gedasiolima.com\/wp-content\/uploads\/2022\/09\/AnyConv.com__2-1.webp\" title=\"AnyConv.com__2 (1)\" alt=\"AnyConv.com__2 (1)\" \/>\t\t\t\t\t\t\t\t\t\t\t\t\t\t\t<\/p>\n<h2>Pra mim agora \u00e9 <\/h2>\n<h3> engra\u00e7ado olhar para esses 04 pilares<\/h3>\n<p>\t\t\t\t\t\t\t\t\t\t\t\t\t\t\t<img decoding=\"async\" src=\"https:\/\/gedasiolima.com\/wp-content\/uploads\/2022\/09\/AnyConv.com__2-1.webp\" title=\"AnyConv.com__2 (1)\" alt=\"AnyConv.com__2 (1)\" \/>\t\t\t\t\t\t\t\t\t\t\t\t\t\t\t<\/p>\n<p>Pois eu n\u00e3o tinha no\u00e7\u00e3o que eles existiam, s\u00f3 percebi a exist\u00eancia deles gra\u00e7as a galera de um dos MasterMinds que participo.<\/p>\n<p>Em um de nossos encontros eu comentei que tinha feito o lead de um projeto, <b>nos primeiros 5 dias cair de R$5,00 no FaceAds para apenas R$1,42 no YT Ads.<\/b><\/p>\n<p>Dai a galera come\u00e7ou a me pedir mentoria, me indicar para outras pessoas, para grupos, e surgiu a possibilidade de palestrar em alguns eventos.<strong style=\"font-size: 17px; color: var( --e-global-color-fb5231f );\">&nbsp;<\/strong><\/p>\n<p>\t\t\t\t\t\t\t\t\t\t\t\t\t\t\t<img decoding=\"async\" width=\"1023\" height=\"418\" src=\"https:\/\/gedasiolima.com\/wp-content\/uploads\/2022\/10\/01.png\" alt=\"\" loading=\"lazy\" srcset=\"https:\/\/gedasiolima.com\/wp-content\/uploads\/2022\/10\/01.png 1023w, https:\/\/gedasiolima.com\/wp-content\/uploads\/2022\/10\/01-300x123.png 300w, https:\/\/gedasiolima.com\/wp-content\/uploads\/2022\/10\/01-768x314.png 768w, https:\/\/gedasiolima.com\/wp-content\/uploads\/2022\/10\/01-980x400.png 980w, https:\/\/gedasiolima.com\/wp-content\/uploads\/2022\/10\/01-480x196.png 480w\" sizes=\"auto, (max-width: 1023px) 100vw, 1023px\" \/>\t\t\t\t\t\t\t\t\t\t\t\t\t\t\t<\/p>\n<p>Com isso vieram os pedidos para eu gravar a metodologia e criar um treinamento.<\/p>\n<p>E para conseguir estruturar tudo, tirar da minha cabe\u00e7a e deixar de forma que qualquer pessoa conseguisse aplicar, eu cheguei nos 04 pilares.<\/p>\n<h2>e nasceu assim o treinamento<\/h2>\n<h3>dominando o youtube ads<\/h3>\n<p>\t\t\t\t\t\t\t\t\t\t\t\t\t\t\t<img decoding=\"async\" src=\"https:\/\/gedasiolima.com\/wp-content\/uploads\/2022\/09\/AnyConv.com__tp238-pf-s73-05-mockup.webp\" title=\"AnyConv.com__tp238-pf-s73-05-mockup\" alt=\"AnyConv.com__tp238-pf-s73-05-mockup\" \/>\t\t\t\t\t\t\t\t\t\t\t\t\t\t\t<\/p>\n<p><b>Eu poderia aqui agora usar um monte de gatilho mental para te convencer a entrar no treinamento.<\/b><\/p>\n<p>Podia falar dos b\u00f4nus que tem l\u00e1, dos resultados que voc\u00ea pode ter, da grana que vai economizar por anunciar da forma certa no YouTube Ads e bl\u00e1 bl\u00e1 bl\u00e1.<\/p>\n<p>Sei que voc\u00ea entende bem isso, mas a moral da hist\u00f3ria \u00e9 a seguinte.<\/p>\n<p><b>Eu sei o que \u00e9 ter todas as contas bloqueadas no FaceAds,<\/b> acredite eu tive meu primeiro bloqueio em 2014, parece brincadeira mas \u00e9 verdade. Isso foi traumatizante, tanto que nunca soube lidar bem com esses processos de conting\u00eancia.<\/p>\n<p><b>Este treinamento pode ser para voc\u00ea sua carta de alforria!\u00a0<\/b><\/p>\n<p>Assim como foi para mim e meus alunos, por isso eu n\u00e3o vou ficar aqui tentando te convencer e te persuadir com gatilhos.<\/p>\n<p><b>Eu sei que voc\u00ea sabe qual a melhor decis\u00e3o para voc\u00ea e seu neg\u00f3cio.<\/b><\/p>\n<h2>Domine o YouTube Ads por menos de um cafezinho por dia, <b>apenas R$1,99\/dia<\/b><\/h2>\n<h2>valor promocional<\/h2>\n<h2>De <strike>R$ 997,00<\/strike> por apenas:<\/h2>\n<h2>12x 59,94<\/h2>\n<p>\t\t\t<a href=\"https:\/\/gedasiolima.com\/checkout-curso-ytads\" role=\"button\"><br \/>\n\t\t\t\t\t\tQUERO COMPRAR AGORA<br \/>\n\t\t\t\t\t<\/a><br \/>\n\t\t\t\t\t\t\t\t\t\t\t\t\t\t\t<img decoding=\"async\" src=\"https:\/\/gedasiolima.com\/wp-content\/uploads\/2022\/09\/3.png\" title=\"3\" alt=\"3\" \/>\t\t\t\t\t\t\t\t\t\t\t\t\t\t\t<\/p>\n<h2>Ah, j\u00e1 ia me esquecendo<\/h2>\n<h2> de me apresentar\u2026<br \/>\n<\/h2>\n<p>Me chamo <b>Gedasio Lima<\/b>, sou Estrategista e Mentor de Neg\u00f3cios Digitais. <\/p>\n<p><strong>Comecei no mercado digital em 2014<\/strong> e j\u00e1 criei alguns infoprodutos de sucesso.<\/p>\n<p><strong>Fui o primeiro do Brasil a anunciar Loteria no FaceAds e no YTAds.<\/strong><\/p>\n<p>E j\u00e1 investi alguns milh\u00f5es em tr\u00e1fego pago, SEO, Email marketing e NETWORKING.<\/p>\n<p><b>E POR QUE \u00c9 IMPORTANTE FALAR TUDO ISSO?<\/b><\/p>\n<p>Porque voc\u00ea vai estar aprendendo com algu\u00e9m que est\u00e1 a anos no mercado e tem uma rede de relacionamento forte.<\/p>\n<p>Ou seja, <strong>voc\u00ea vai aprender o que d\u00e1 certo na pr\u00e1tica, no campo de batalha desde sempre.<\/strong><\/p>\n<p>\t\t\t\t\t\t\t\t\t\t\t\t\t\t\t<img decoding=\"async\" src=\"https:\/\/gedasiolima.com\/wp-content\/uploads\/2022\/09\/3.png\" title=\"3\" alt=\"3\" \/><br \/>\n\t\t\t\t\t\t\t\t\t\t\t\t\t\t\t<img decoding=\"async\" src=\"https:\/\/gedasiolima.com\/wp-content\/uploads\/2022\/09\/AnyConv.com__banner-desckp.webp\" title=\"AnyConv.com__banner desckp\" alt=\"AnyConv.com__banner desckp\" \/><br \/>\n\t\t\t\t\t\t\t\t\t\t\t\t\t\t\t<img decoding=\"async\" src=\"https:\/\/gedasiolima.com\/wp-content\/uploads\/2022\/09\/AnyConv.com__banner-mobile-1.webp\" title=\"AnyConv.com__banner mobile 1\" alt=\"AnyConv.com__banner mobile 1\" \/><br \/>\n\t\t\t\t\t\t\t\t\t\t\t\t\t\t\t<img decoding=\"async\" src=\"https:\/\/gedasiolima.com\/wp-content\/uploads\/2022\/09\/garantia-i-21d-300x282-1.png\" title=\"garantia-i-21d-300&#215;282\" alt=\"garantia-i-21d-300x282\" \/>\t\t\t\t\t\t\t\t\t\t\t\t\t\t\t<\/p>\n<h2>garantia de satisfa\u00e7\u00e3o<\/h2>\n<p>Entra no treinamento, veja todas as aulas, aplique tudo que tem l\u00e1 e passe a ter o YouTube Ads como uma Importante fonte de tr\u00e1fego para seu neg\u00f3cio.<\/p>\n<p>Mas se por alguma raz\u00e3o, n\u00e3o fizer sentido pra ti o treinamento, basta solicitar que devolvo seu investimento.<\/p>\n<h2>MAS O QUE REALMENTE VAI <\/h2>\n<h2>ACONTECER VAI SER&#8230;<\/h2>\n<p style=\"text-align: center;\"><b>Voc\u00ea ficar extremamente satisfeito <\/b>com o que vai aprender, com os resultados que vai ter no YouTube Ads que vai me mandar um depoimento top.\u00a0<\/p>\n<p style=\"text-align: center;\"><strong>Assim como fizeram alguns alunos e clientes de mentoria que voc\u00ea pode ver abaixo:<\/strong>\u00a0<\/p>\n<p>https:\/\/youtu.be\/Jkb-FnyPtV4\t\t<\/p>\n<h2>\u201c&#8230;o4 cliques e 02 vendas aprovadas, gastou se n\u00e3o me engano foi R$1,00 ou R$2,00 por venda e voltou R$173,00&#8230;\u201d<\/h2>\n<h2>Misael Figueiredo<\/h2>\n<p>\t\t<iframe loading=\"lazy\" title=\"Depoimento de Ricco de Carvalho, sobre Gedasio Lima com YouTube Ads\" width=\"500\" height=\"281\" src=\"https:\/\/www.youtube.com\/embed\/RcFghaslZVE?feature=oembed\" frameborder=\"0\" allow=\"accelerometer; autoplay; clipboard-write; encrypted-media; gyroscope; picture-in-picture; web-share\" referrerpolicy=\"strict-origin-when-cross-origin\" allowfullscreen><\/iframe>\t\t<\/p>\n<h2>\u201c&#8230;Tive a oportunidade de deixar Gedasio em contato com meu time para tratar de quest\u00f5es de YouTube Ads e ele conseguiu acompanhar e ajudar de maneira muito assertiva\u2026\u201d<\/h2>\n<h2>Ricco de Carvalho<\/h2>\n<p>\t\t<iframe loading=\"lazy\" title=\"Depoimento de Gabriel Silva, sobre Gedasio Lima com YouTube Ads\" width=\"500\" height=\"281\" src=\"https:\/\/www.youtube.com\/embed\/1Dy5v3VBmRI?feature=oembed\" frameborder=\"0\" allow=\"accelerometer; autoplay; clipboard-write; encrypted-media; gyroscope; picture-in-picture; web-share\" referrerpolicy=\"strict-origin-when-cross-origin\" allowfullscreen><\/iframe>\t\t<\/p>\n<h2>\u201c&#8230;O cara se garante muito, vem pra esse mar azul que \u00e9 o YouTube Ads\u2026\u201d<\/h2>\n<h2>Gabriel Silva<\/h2>\n<p>\t\t<iframe loading=\"lazy\" title=\"Depoimento de Lucas Silva, sobre Gedasio Lima com YouTube Ads\" width=\"500\" height=\"281\" src=\"https:\/\/www.youtube.com\/embed\/_2-PhwTs7Nk?feature=oembed\" frameborder=\"0\" allow=\"accelerometer; autoplay; clipboard-write; encrypted-media; gyroscope; picture-in-picture; web-share\" referrerpolicy=\"strict-origin-when-cross-origin\" allowfullscreen><\/iframe>\t\t<\/p>\n<h2>\u201c&#8230;Sua Mentoria nos destravou em trazer mais uma fonte de tr\u00e1fego\u2026 Foi um divisor de \u00e1guas para nossa empresa\u2026\u201d<\/h2>\n<h2>Lucas Silva<\/h2>\n<p>\t\t\t\t\t\t\t\t\t\t\t\t\t\t\t<img decoding=\"async\" src=\"https:\/\/gedasiolima.com\/wp-content\/uploads\/2022\/07\/WhatsApp-Image-2022-07-21-at-10.33.48.jpeg\" title=\"WhatsApp Image 2022-07-21 at 10.33.48\" alt=\"WhatsApp Image 2022-07-21 at 10.33.48\" \/><br \/>\n\t\t\t\t\t\t\t\t\t\t\t\t\t\t\t<img decoding=\"async\" src=\"https:\/\/gedasiolima.com\/wp-content\/uploads\/2022\/07\/photo_2022-07-13_15-28-27.jpg\" title=\"photo_2022-07-13_15-28-27\" alt=\"photo_2022-07-13_15-28-27\" \/><br \/>\n\t\t\t\t\t\t\t\t\t\t\t\t\t\t\t<img decoding=\"async\" src=\"https:\/\/gedasiolima.com\/wp-content\/uploads\/2022\/07\/photo_2022-07-13_15-28-28.jpg\" title=\"photo_2022-07-13_15-28-28\" alt=\"photo_2022-07-13_15-28-28\" \/><br \/>\n\t\t\t\t\t\t\t\t\t\t\t\t\t\t\t<img decoding=\"async\" src=\"https:\/\/gedasiolima.com\/wp-content\/uploads\/2022\/07\/photo_2022-07-13_15-28-30.jpg\" title=\"photo_2022-07-13_15-28-30\" alt=\"photo_2022-07-13_15-28-30\" \/>\t\t\t\t\t\t\t\t\t\t\t\t\t\t\t<\/p>\n<h2>Domine o YouTube Ads por menos de um cafezinho por dia, <b>apenas R$1,99\/dia<\/b><\/h2>\n<h2>valor promocional<\/h2>\n<h2>De <strike>R$ 997,00<\/strike> por apenas:<\/h2>\n<h2>12x 59,94<\/h2>\n<p>\t\t\t<a href=\"https:\/\/gedasiolima.com\/checkout-curso-ytads\" role=\"button\"><br \/>\n\t\t\t\t\t\tQUERO COMPRAR AGORA<br \/>\n\t\t\t\t\t<\/a><\/p>\n<h2>esta com<\/h2>\n<h2>d\u00favidas?<\/h2>\n<p style=\"text-align: center;\"><strong>Envie um direct no Instagram <a style=\"color: #00ccff;\" href=\"https:\/\/www.instagram.com\/gedasio.lima\/\">@gedasio.lima <\/a><\/strong><\/p>\n<p style=\"text-align: center;\">ou um email para: suporte@gedasiolima.com\u00a0<\/p>\n<p>A empresa SFT DIGITAL, portadora do CNPJ 27.267.096\/0001-05, n\u00e3o tem nenhuma rela\u00e7\u00e3o institucional com nenhuma rede social ou de entretenimento.&nbsp;<\/p>\n<p>Nossos produtos, sites, v\u00eddeos, palestras, programas ou outros conte\u00fados, tem o intuito de ajudar o neg\u00f3cio ou empres\u00e1rio, no entanto, a SFT DIGITAL n\u00e3o declara que ser\u00e1 obtido quaisquer resultados.<a href=\"mailto:suporte@gedasiolima.com.\" style=\"font-size: 13px; color: rgb(255, 255, 255);\">iolima.com<\/a><\/p>\n<p><a href=\"#\">Termos de Uso<\/a>\u00a0\u00a0\u00a0\u00a0\u00a0 <a href=\"#\">Pol\u00edtica de Privacidade<\/a><\/p>\n<p>Todos os direitos reservados<\/p>\n","protected":false},"excerpt":{"rendered":"<p>\u201cZerar\u201d bloqueios e vender para leads qualificados \u00e9 o sonho de todo empreendedor digital. Mas para isso, ter outras fontes de tr\u00e1fego \u00e9 algo vital! Para te ajudar a realizar esse sonho eu vou trazer uma possibilidade para voc\u00ea\u2026 Uma fonte de tr\u00e1fego mais PR\u00c9VISIVEL, mais ESCAL\u00c1VEL, mais PODEROSA e SEM BLOQUEIOS!\u00a0 Curtiu? Ent\u00e3o, veja [&hellip;]<\/p>\n","protected":false},"author":1,"featured_media":0,"parent":0,"menu_order":0,"comment_status":"closed","ping_status":"closed","template":"elementor_canvas","meta":{"footnotes":""},"class_list":["post-610","page","type-page","status-publish","hentry"],"_links":{"self":[{"href":"https:\/\/gedasiolima.com\/links\/wp-json\/wp\/v2\/pages\/610","targetHints":{"allow":["GET"]}}],"collection":[{"href":"https:\/\/gedasiolima.com\/links\/wp-json\/wp\/v2\/pages"}],"about":[{"href":"https:\/\/gedasiolima.com\/links\/wp-json\/wp\/v2\/types\/page"}],"author":[{"embeddable":true,"href":"https:\/\/gedasiolima.com\/links\/wp-json\/wp\/v2\/users\/1"}],"replies":[{"embeddable":true,"href":"https:\/\/gedasiolima.com\/links\/wp-json\/wp\/v2\/comments?post=610"}],"version-history":[{"count":842,"href":"https:\/\/gedasiolima.com\/links\/wp-json\/wp\/v2\/pages\/610\/revisions"}],"predecessor-version":[{"id":1603,"href":"https:\/\/gedasiolima.com\/links\/wp-json\/wp\/v2\/pages\/610\/revisions\/1603"}],"wp:attachment":[{"href":"https:\/\/gedasiolima.com\/links\/wp-json\/wp\/v2\/media?parent=610"}],"curies":[{"name":"wp","href":"https:\/\/api.w.org\/{rel}","templated":true}]}}