{"id":2101,"date":"2023-09-02T18:21:52","date_gmt":"2023-09-02T18:21:52","guid":{"rendered":"https:\/\/gedasiolima.com\/?page_id=2101"},"modified":"2023-09-02T18:40:17","modified_gmt":"2023-09-02T18:40:17","slug":"confirmacao","status":"publish","type":"page","link":"https:\/\/gedasiolima.com\/links\/confirmacao\/","title":{"rendered":"Confirma\u00e7\u00e3o"},"content":{"rendered":"<style>\/*! elementor - v3.15.0 - 20-08-2023 *\/\n.elementor-heading-title{padding:0;margin:0;line-height:1}.elementor-widget-heading .elementor-heading-title[class*=elementor-size-]>a{color:inherit;font-size:inherit;line-height:inherit}.elementor-widget-heading .elementor-heading-title.elementor-size-small{font-size:15px}.elementor-widget-heading .elementor-heading-title.elementor-size-medium{font-size:19px}.elementor-widget-heading .elementor-heading-title.elementor-size-large{font-size:29px}.elementor-widget-heading .elementor-heading-title.elementor-size-xl{font-size:39px}.elementor-widget-heading .elementor-heading-title.elementor-size-xxl{font-size:59px}<\/style>\n<h2>parab\u00e9ns!<\/h2>\n<p><b>Sua compra para a Mentoria de youtube ads foi finalizada!<\/b><\/p>\n<link rel=\"stylesheet\" href=\"https:\/\/gedasiolima.com\/wp-content\/plugins\/elementor\/assets\/css\/widget-icon-box.min.css\">\n<h3>\n\t\t\t\t\t\tDatas: Ver descri\u00e7\u00e3o do grupo<br \/>\n\t\t\t\t<\/h3>\n<p>\n\t\t\t\t\t\tA mentoria acontecera \u00e0s 20h de cada dia.\t\t\t\t\t<\/p>\n<h2>pr\u00f3ximos passos<\/h2>\n<h3>\n\t\t\t\t\t\tEntre no grupo da mentoria<br \/>\n\t\t\t\t<\/h3>\n<p>\n\t\t\t\t\t\tAperte no bot\u00e3o abaixo e entre no grupo do whatsapp, ou fale comigo para que eu o inclua no grupo.\t\t\t\t\t<\/p>\n<h3>\n\t\t\t\t\t\tPreencha o forms<br \/>\n\t\t\t\t<\/h3>\n<p>\n\t\t\t\t\t\tNa area de membros da plataforma e na descri\u00e7\u00e3o do grupo tem um formul\u00e1rio, preencha para que eu consiga te ajudar de forma mais assertiva nos dias da mentoria\t\t\t\t\t<\/p>\n<h3>\n\t\t\t\t\t\tLeia e siga as regras<br \/>\n\t\t\t\t<\/h3>\n<p>\n\t\t\t\t\t\tNa descri\u00e7\u00e3o do grupo tem as regras do mesmo, leia e siga as regras para podermos aproveitar melhor o grupo.\t\t\t\t\t<\/p>\n<h3>\n\t\t\t\t\t\tAguarde o dia da aula<br \/>\n\t\t\t\t<\/h3>\n<p>\n\t\t\t\t\t\tIrei enviar as informa\u00e7\u00f5es necess\u00e1rias e o link da aula pelo grupo de whatsapp, por isso permane\u00e7a no grupo. \t\t\t\t\t<\/p>\n<h2>entre no grupo<\/h2>\n<p><b style=\"font-size: 18.6667px;\">Aperte Abaixo<\/b><\/p>\n<style>\/*! elementor - v3.15.0 - 20-08-2023 *\/\n.elementor-widget-image{text-align:center}.elementor-widget-image a{display:inline-block}.elementor-widget-image a img[src$=\".svg\"]{width:48px}.elementor-widget-image img{vertical-align:middle;display:inline-block}<\/style>\n<p>\t\t\t\t\t\t\t\t\t\t\t\t\t<a href=\"https:\/\/wa.me\/5571981805024?text=Opa+comprei+a+mentoria\"><br \/>\n\t\t\t\t\t\t\t<img decoding=\"async\" width=\"660\" height=\"705\" src=\"https:\/\/gedasiolima.com\/wp-content\/uploads\/2023\/08\/pngwing.com_.png\" alt=\"\" loading=\"lazy\" srcset=\"https:\/\/gedasiolima.com\/wp-content\/uploads\/2023\/08\/pngwing.com_.png 660w, https:\/\/gedasiolima.com\/wp-content\/uploads\/2023\/08\/pngwing.com_-281x300.png 281w\" sizes=\"auto, (max-width: 660px) 85vw, 660px\" \/>\t\t\t\t\t\t\t\t<\/a><\/p>\n<h2>Aqui Est\u00e1 o Que Voc\u00ea Est\u00e1 Adquirindo:<\/h2>\n<p><strong>\u00a0Grava\u00e7\u00e3o da Aula \u2013\u00a0<\/strong>Nela eu mostro todo o potencial de escala do YouTube Ads e monto uma campanha do zero, em uma conta nova, desde as configura\u00e7\u00f5es at\u00e9 a campanha ficar ativa, al\u00e9m de mostrar como otimizar a campanha no YouTube Ads.<\/p>\n<p>https:\/\/www.youtube.com\/watch?v=kJ_fIpYIPbw&#038;feature=emb_logo<br \/>\n\t\t\t\t\t\t\t\t\t\t\t\t\t\t\t<img decoding=\"async\" src=\"https:\/\/gedasiolima.com\/wp-content\/uploads\/2022\/07\/AnyConv.com__mokup-responsivo.webp\" title=\"AnyConv.com__mokup responsivo\" alt=\"AnyConv.com__mokup responsivo\" loading=\"lazy\" \/>\t\t\t\t\t\t\t\t\t\t\t\t\t\t\t<\/p>\n<h2>O Que Voc\u00ea Vai Aprender:<\/h2>\n<h3>\n\t\t\t\t\t\tPorque Voc\u00ea Deve Usar o YTAds Pra Ontem.<br \/>\n\t\t\t\t<\/h3>\n<p>\n\t\t\t\t\t\tPare de perder tempo e comece a faturar com o YouTube Ads.\u200b\t\t\t\t\t<\/p>\n<h3>\n\t\t\t\t\t\tComo Devem Ser Seus Criativos.<br \/>\n\t\t\t\t<\/h3>\n<p>\n\t\t\t\t\t\tO que DEVE ter nos seus criativos para gerar mais convers\u00f5es.\t\t\t\t\t<\/p>\n<h3>\n\t\t\t\t\t\tComo Fazer as Configura\u00e7\u00f5es da Conta.<br \/>\n\t\t\t\t<\/h3>\n<p>\n\t\t\t\t\t\tVamos fazer o passo a passo das configura\u00e7\u00f5es.\t\t\t\t\t<\/p>\n<h3>\n\t\t\t\t\t\tComo Direcionar o YTAds Para Trazer o Lead Certo.<br \/>\n\t\t\t\t<\/h3>\n<p>\n\t\t\t\t\t\tFa\u00e7a o YT Ads acertar ao buscar o cliente.\t\t\t\t\t<\/p>\n<h3>\n\t\t\t\t\t\tQual a Estrutura Ideal Para Anunciar no YTAds.<br \/>\n\t\t\t\t<\/h3>\n<p>\n\t\t\t\t\t\tEntenda como deve ser o seu funil.\t\t\t\t\t<\/p>\n<h3>\n\t\t\t\t\t\tComo Otimizar as Campanhas no YTAds.<br \/>\n\t\t\t\t<\/h3>\n<p>\n\t\t\t\t\t\tO ponto mais importante do processo, otimizar a campanha.\t\t\t\t\t<\/p>\n<p><b>Tudo Isso no Formato de Mentoria AO VIVO.<\/b><\/p>\n<p><b>Ser\u00e3o 2 aulas AO VIVO com todo o passo a passo, onde voc\u00ea vai poder tirar suas d\u00favidas na hora.<\/b><\/p>\n<h3>\n\t\t\t\t\t\tPorque Voc\u00ea Deve Usar o YTAds Pra Ontem.<br \/>\n\t\t\t\t<\/h3>\n<p>\n\t\t\t\t\t\tPare de perder tempo e comece a faturar com o YouTube Ads.\t\t\t\t\t<\/p>\n<h3>\n\t\t\t\t\t\tComo Direcionar o YTAds Para Trazer o Lead Certo.<br \/>\n\t\t\t\t<\/h3>\n<p>\n\t\t\t\t\t\tFa\u00e7a o YT Ads acertar ao buscar o cliente.\u200b\t\t\t\t\t<\/p>\n<p>A empresa SFT DIGITAL, portadora do CNPJ 27.267.096\/0001-05, n\u00e3o tem nenhuma rela\u00e7\u00e3o institucional com nenhuma rede social ou de entretenimento.\u00a0<\/p>\n<p>Nossos produtos, sites, v\u00eddeos, palestras, programas ou outros conte\u00fados, tem o intuito de ajudar o neg\u00f3cio ou empres\u00e1rio, no entanto, a SFT DIGITAL n\u00e3o declara que ser\u00e1 obtido quaisquer resultados.<\/p>\n<p>D\u00favidas envie um email para:\u00a0<a href=\"mailto:suporte@gedasiolima.com.\">suporte@gedasiolima.com<\/a><\/p>\n<p><strong><a style=\"color: #fff;\" href=\"https:\/\/gedasiolima.com\/politica-de-privacidade\/\">Pol\u00edticas de Privacidade<\/a><\/strong>\u00a0 \u00a0|<strong> \u00a0<a style=\"color: #fff;\" href=\"https:\/\/gedasiolima.com\/termos-de-uso\/\">Termos de Uso<\/a><br \/><\/strong>\u00a9 2023 gedasiolima.com | Todos os Direitos Reservados<\/p>\n","protected":false},"excerpt":{"rendered":"<p>parab\u00e9ns! Sua compra para a Mentoria de youtube ads foi finalizada! Datas: Ver descri\u00e7\u00e3o do grupo A mentoria acontecera \u00e0s 20h de cada dia. pr\u00f3ximos passos Entre no grupo da mentoria Aperte no bot\u00e3o abaixo e entre no grupo do whatsapp, ou fale comigo para que eu o inclua no grupo. Preencha o forms Na [&hellip;]<\/p>\n","protected":false},"author":1,"featured_media":0,"parent":0,"menu_order":0,"comment_status":"closed","ping_status":"closed","template":"elementor_canvas","meta":{"footnotes":""},"class_list":["post-2101","page","type-page","status-publish","hentry"],"_links":{"self":[{"href":"https:\/\/gedasiolima.com\/links\/wp-json\/wp\/v2\/pages\/2101","targetHints":{"allow":["GET"]}}],"collection":[{"href":"https:\/\/gedasiolima.com\/links\/wp-json\/wp\/v2\/pages"}],"about":[{"href":"https:\/\/gedasiolima.com\/links\/wp-json\/wp\/v2\/types\/page"}],"author":[{"embeddable":true,"href":"https:\/\/gedasiolima.com\/links\/wp-json\/wp\/v2\/users\/1"}],"replies":[{"embeddable":true,"href":"https:\/\/gedasiolima.com\/links\/wp-json\/wp\/v2\/comments?post=2101"}],"version-history":[{"count":10,"href":"https:\/\/gedasiolima.com\/links\/wp-json\/wp\/v2\/pages\/2101\/revisions"}],"predecessor-version":[{"id":2112,"href":"https:\/\/gedasiolima.com\/links\/wp-json\/wp\/v2\/pages\/2101\/revisions\/2112"}],"wp:attachment":[{"href":"https:\/\/gedasiolima.com\/links\/wp-json\/wp\/v2\/media?parent=2101"}],"curies":[{"name":"wp","href":"https:\/\/api.w.org\/{rel}","templated":true}]}}