{"id":2050,"date":"2023-08-31T22:59:37","date_gmt":"2023-08-31T22:59:37","guid":{"rendered":"https:\/\/gedasiolima.com\/?page_id=2050"},"modified":"2023-10-19T14:24:16","modified_gmt":"2023-10-19T14:24:16","slug":"bio","status":"publish","type":"page","link":"https:\/\/gedasiolima.com\/links\/bio\/","title":{"rendered":"Mentoria Youtube Ads Ao Vivo &#8211; BIO"},"content":{"rendered":"<style>\/*! elementor - v3.16.0 - 17-10-2023 *\/\n.elementor-heading-title{padding:0;margin:0;line-height:1}.elementor-widget-heading .elementor-heading-title[class*=elementor-size-]>a{color:inherit;font-size:inherit;line-height:inherit}.elementor-widget-heading .elementor-heading-title.elementor-size-small{font-size:15px}.elementor-widget-heading .elementor-heading-title.elementor-size-medium{font-size:19px}.elementor-widget-heading .elementor-heading-title.elementor-size-large{font-size:29px}.elementor-widget-heading .elementor-heading-title.elementor-size-xl{font-size:39px}.elementor-widget-heading .elementor-heading-title.elementor-size-xxl{font-size:59px}<\/style>\n<h2>CRIE CAMPANHAS LUCRATIVAS NO YOUTUBE ADS EM APENAS 02 DIAS, MESMO QUE N\u00c3O QUEIRA APARECER<\/h2>\n<h2>Torne-se Um Expert em YouTubeAds<\/h2>\n<p><b>Mentoria de 2 Dias<\/b><\/p>\n<link rel=\"stylesheet\" href=\"https:\/\/gedasiolima.com\/wp-content\/plugins\/elementor\/assets\/css\/widget-icon-box.min.css\">\n<h3>\n\t\t\t\t\t\tDatas: 25 e 26 de outubro<br \/>\n\t\t\t\t<\/h3>\n<p>\n\t\t\t\t\t\tA mentoria acontecera \u00e0s 20h de cada dia.\t\t\t\t\t<\/p>\n<p>\t\t\t<a href=\"https:\/\/secure.doppus.com\/pay\/P9Z5BM9Z5BG853B5?src=bio\"><br \/>\n\t\t\t\t\t\tSIM! QUERO PARTICIPAR<br \/>\n\t\t\t\t\t<\/a><\/p>\n<h2>Gedasio Lima<\/h2>\n<style>\/*! elementor - v3.16.0 - 17-10-2023 *\/\n.elementor-widget-image{text-align:center}.elementor-widget-image a{display:inline-block}.elementor-widget-image a img[src$=\".svg\"]{width:48px}.elementor-widget-image img{vertical-align:middle;display:inline-block}<\/style>\n<p>\t\t\t\t\t\t\t\t\t\t\t\t<img decoding=\"async\" src=\"https:\/\/gedasiolima.com\/wp-content\/uploads\/elementor\/thumbs\/Gedasio-1080-x-1350-px-4-min-qbhk1o2plmpvp00v7ch9wjy5e8nd0mx2hsh9gdk94g.png\" title=\"Gedasio (1080 x 1350 px) (4)-min\" alt=\"Gedasio (1080 x 1350 px) (4)-min\" loading=\"lazy\" \/>\t\t\t\t\t\t\t\t\t\t\t\t\t\t\t<\/p>\n<p style=\"text-align: center;\">Trago comigo o lema: <strong>&#8220;Empreender Transforma e Liberta!&#8221;<\/strong><\/p>\n<p>Nordestino com orgulho, criado na Bahia, por\u00e9m meio N\u00f4made, j\u00e1 rodei por 12 estados e morei no Rio e em Floripa, mas sempre voltando pra minha querida Bahia.<\/p>\n<p> Conheci o mercado digital, da\u00ed comecei a expandir minha mentalidade e mudar minha realidade.\u00a0<\/p>\n<p><strong>Palestrante, Estrategista e Mentor de Youtube Ads para Neg\u00f3cios Digitais.<\/strong><\/p>\n<p><strong>Empreendedor digital desde 2014,<\/strong> j\u00e1 investiu alguns milh\u00f5es em tr\u00e1fego, criador de 4 infoprodutos de sucesso, ajudou a escalar dezenas de produtos de parceiros e Mentorados.<\/p>\n<p><strong>Em 2020 se especializou em Youtube Ads<\/strong>, uma ferramenta de tr\u00e1fego de alta convers\u00e3o que \u00e9 negligenciada pelo mercado.<\/p>\n<p>\t\t\t\t\t\t\t\t\t\t\t\t\t\t\t<img decoding=\"async\" width=\"840\" height=\"343\" src=\"https:\/\/gedasiolima.com\/wp-content\/uploads\/2023\/10\/network-min.png\" alt=\"\" loading=\"lazy\" srcset=\"https:\/\/gedasiolima.com\/wp-content\/uploads\/2023\/10\/network-min.png 1023w, https:\/\/gedasiolima.com\/wp-content\/uploads\/2023\/10\/network-min-300x123.png 300w, https:\/\/gedasiolima.com\/wp-content\/uploads\/2023\/10\/network-min-768x314.png 768w\" sizes=\"auto, (max-width: 709px) 85vw, (max-width: 909px) 67vw, (max-width: 1362px) 62vw, 840px\" \/>\t\t\t\t\t\t\t\t\t\t\t\t\t\t\t<\/p>\n<h2>Como vai funcionar<\/h2>\n<h3>\n\t\t\t\t\t\tMentoria Ao Vivo<br \/>\n\t\t\t\t<\/h3>\n<p>\n\t\t\t\t\t\tSer\u00e3o 2 aulas, 100% Online para entrega do conte\u00fado, onde voc\u00ea vai poder tirar suas d\u00favidas na hora. \t\t\t\t\t<\/p>\n<h3>\n\t\t\t\t\t\tDatas: 25 e 26 de outubro<br \/>\n\t\t\t\t<\/h3>\n<p>\n\t\t\t\t\t\tA mentoria acontecera \u00e0s 20h de cada dia.\t\t\t\t\t<\/p>\n<h3>\n\t\t\t\t\t\tAula gravadas<br \/>\n\t\t\t\t<\/h3>\n<p>\n\t\t\t\t\t\tOs encontros ser\u00e3o gravados e disponibilizados na \u00e1rea de membros. \t\t\t\t\t<\/p>\n<h3>\n\t\t\t\t\t\tMateriais de Apoio<br \/>\n\t\t\t\t<\/h3>\n<p>\n\t\t\t\t\t\tSer\u00e3o disponibilizados PDFs, mapa mentais e demais materiais apresentados durante a aula. \t\t\t\t\t<\/p>\n<h2>Para quem \u00e9:<\/h2>\n<p><b>Qualquer neg\u00f3cio digital que fa\u00e7a captura de Leads por E-mail ou Whatsapp,\u00a0<\/b>para vender seus produtos e trabalhar o LTV. Por exemplo,\u00a0Experts, Infoprodutores,\u00a0Co-Produtores,\u00a0Afiliados, dentre outros.<\/p>\n<p><b>Gestores de tr\u00e1fegos <\/b>que fazem captura de Leads para seus clientes.<\/p>\n<h2>Para quem n\u00e3o \u00e9:<\/h2>\n<p><b>N\u00e3o \u00e9 para neg\u00f3cios que fazem apenas venda de resposta direta, <\/b>sem fazer uma capta\u00e7\u00e3o do lead para trabalhar o LTV.<\/p>\n<h2>Veja o Que Est\u00e3o Falando:<\/h2>\n<p>\t\thttps:\/\/youtu.be\/X9OfSwTFPJQ<\/p>\n<p><b>\u201c&#8230;Meu custo por lead era de uns R$4,50\u2026 E passei a pagar MENOS DA METADE do que estava pagando antes\u2026\u201d<\/b><\/p>\n<p>https:\/\/youtu.be\/9R305u_r_ts<\/p>\n<p><b>\u201c&#8230;Depois que comecei a usar o YouTube Ads seguindo o passo a passo que o Gedasio me passou conseguir bater mais de R$ 700k em duas plataformas diferentes\u2026\u201d<\/b><\/p>\n<p>https:\/\/youtu.be\/RcFghaslZVE<\/p>\n<p><b>\u201c&#8230;Tive a oportunidade de deixar Gedasio em contato com meu time para tratar de quest\u00f5es de YouTube Ads e ele conseguiu acompanhar e ajudar de maneira muito assertiva\u2026\u201d<\/b><\/p>\n<p>https:\/\/youtu.be\/_2-PhwTs7Nk<\/p>\n<p><b>\u201c&#8230;Sua Mentoria nos destravou em trazer mais uma fonte de tr\u00e1fego\u2026 Foi um divisor de \u00e1guas para nossa empresa\u2026\u201d<\/b><\/p>\n<p>https:\/\/youtu.be\/1Dy5v3VBmRI<\/p>\n<p><b>\u201c&#8230;O cara se garante muito, vem pra esse mar azul que \u00e9 o YouTube Ads\u2026\u201d<\/b><\/p>\n<p>https:\/\/youtu.be\/Jkb-FnyPtV4<\/p>\n<p><b>\u201c&#8230;o4 cliques e 02 vendas aprovadas, gastou se n\u00e3o me engano foi R$1,00 ou R$2,00 por venda e voltou R$173,00&#8230;\u201d<\/b><\/p>\n<p>\t\t\t\t\t\t\t\t\t\t\t\t\t\t\t<img decoding=\"async\" width=\"840\" height=\"941\" src=\"https:\/\/gedasiolima.com\/wp-content\/uploads\/2022\/07\/photo_2022-07-13_15-28-28-914x1024.jpg\" alt=\"\" loading=\"lazy\" srcset=\"https:\/\/gedasiolima.com\/wp-content\/uploads\/2022\/07\/photo_2022-07-13_15-28-28-914x1024.jpg 914w, https:\/\/gedasiolima.com\/wp-content\/uploads\/2022\/07\/photo_2022-07-13_15-28-28-268x300.jpg 268w, https:\/\/gedasiolima.com\/wp-content\/uploads\/2022\/07\/photo_2022-07-13_15-28-28-768x860.jpg 768w, https:\/\/gedasiolima.com\/wp-content\/uploads\/2022\/07\/photo_2022-07-13_15-28-28-980x1098.jpg 980w, https:\/\/gedasiolima.com\/wp-content\/uploads\/2022\/07\/photo_2022-07-13_15-28-28-480x538.jpg 480w, https:\/\/gedasiolima.com\/wp-content\/uploads\/2022\/07\/photo_2022-07-13_15-28-28.jpg 1080w\" sizes=\"auto, (max-width: 709px) 85vw, (max-width: 909px) 67vw, (max-width: 1362px) 62vw, 840px\" \/><br \/>\n\t\t\t\t\t\t\t\t\t\t\t\t\t\t\t<img decoding=\"async\" width=\"821\" height=\"1024\" src=\"https:\/\/gedasiolima.com\/wp-content\/uploads\/2022\/07\/photo_2022-07-13_15-28-27-821x1024.jpg\" alt=\"\" loading=\"lazy\" srcset=\"https:\/\/gedasiolima.com\/wp-content\/uploads\/2022\/07\/photo_2022-07-13_15-28-27-821x1024.jpg 821w, https:\/\/gedasiolima.com\/wp-content\/uploads\/2022\/07\/photo_2022-07-13_15-28-27-240x300.jpg 240w, https:\/\/gedasiolima.com\/wp-content\/uploads\/2022\/07\/photo_2022-07-13_15-28-27-768x958.jpg 768w, https:\/\/gedasiolima.com\/wp-content\/uploads\/2022\/07\/photo_2022-07-13_15-28-27-980x1223.jpg 980w, https:\/\/gedasiolima.com\/wp-content\/uploads\/2022\/07\/photo_2022-07-13_15-28-27-480x599.jpg 480w, https:\/\/gedasiolima.com\/wp-content\/uploads\/2022\/07\/photo_2022-07-13_15-28-27.jpg 1026w\" sizes=\"auto, (max-width: 821px) 85vw, 821px\" \/><br \/>\n\t\t\t\t\t\t\t\t\t\t\t\t\t\t\t<img decoding=\"async\" width=\"815\" height=\"1024\" src=\"https:\/\/gedasiolima.com\/wp-content\/uploads\/2022\/07\/photo_2022-07-13_15-28-30-815x1024.jpg\" alt=\"\" loading=\"lazy\" srcset=\"https:\/\/gedasiolima.com\/wp-content\/uploads\/2022\/07\/photo_2022-07-13_15-28-30-815x1024.jpg 815w, https:\/\/gedasiolima.com\/wp-content\/uploads\/2022\/07\/photo_2022-07-13_15-28-30-239x300.jpg 239w, https:\/\/gedasiolima.com\/wp-content\/uploads\/2022\/07\/photo_2022-07-13_15-28-30-768x965.jpg 768w, https:\/\/gedasiolima.com\/wp-content\/uploads\/2022\/07\/photo_2022-07-13_15-28-30-980x1231.jpg 980w, https:\/\/gedasiolima.com\/wp-content\/uploads\/2022\/07\/photo_2022-07-13_15-28-30-480x603.jpg 480w, https:\/\/gedasiolima.com\/wp-content\/uploads\/2022\/07\/photo_2022-07-13_15-28-30.jpg 1019w\" sizes=\"auto, (max-width: 815px) 85vw, 815px\" \/><br \/>\n\t\t\t\t\t\t\t\t\t\t\t\t\t\t\t<img decoding=\"async\" width=\"819\" height=\"1024\" src=\"https:\/\/gedasiolima.com\/wp-content\/uploads\/2022\/07\/WhatsApp-Image-2022-07-21-at-10.33.48-819x1024.jpeg\" alt=\"\" loading=\"lazy\" srcset=\"https:\/\/gedasiolima.com\/wp-content\/uploads\/2022\/07\/WhatsApp-Image-2022-07-21-at-10.33.48-819x1024.jpeg 819w, https:\/\/gedasiolima.com\/wp-content\/uploads\/2022\/07\/WhatsApp-Image-2022-07-21-at-10.33.48-240x300.jpeg 240w, https:\/\/gedasiolima.com\/wp-content\/uploads\/2022\/07\/WhatsApp-Image-2022-07-21-at-10.33.48-768x961.jpeg 768w, https:\/\/gedasiolima.com\/wp-content\/uploads\/2022\/07\/WhatsApp-Image-2022-07-21-at-10.33.48-980x1226.jpeg 980w, https:\/\/gedasiolima.com\/wp-content\/uploads\/2022\/07\/WhatsApp-Image-2022-07-21-at-10.33.48-480x600.jpeg 480w, https:\/\/gedasiolima.com\/wp-content\/uploads\/2022\/07\/WhatsApp-Image-2022-07-21-at-10.33.48.jpeg 1080w\" sizes=\"auto, (max-width: 819px) 85vw, 819px\" \/>\t\t\t\t\t\t\t\t\t\t\t\t\t\t\t<\/p>\n<h2>Participe da pr\u00f3xima turma Por Apenas<\/h2>\n<h2>R$47<\/h2>\n<p>\t\t\t<a href=\"https:\/\/secure.doppus.com\/pay\/P9Z5BM9Z5BG853B5?src=bio\"><br \/>\n\t\t\t\t\t\tSIM! QUERO SABER MAIS<br \/>\n\t\t\t\t\t<\/a><\/p>\n<h2>O Que Voc\u00ea Vai Aprender:<\/h2>\n<h3>\n\t\t\t\t\t\tComo Fazer as Configura\u00e7\u00f5es da Conta.<br \/>\n\t\t\t\t<\/h3>\n<p>\n\t\t\t\t\t\tVamos fazer o passo a passo das configura\u00e7\u00f5es.\u200b\t\t\t\t\t<\/p>\n<h3>\n\t\t\t\t\t\tComo Devem Ser Seus Criativos.\u200b<br \/>\n\t\t\t\t<\/h3>\n<p>\n\t\t\t\t\t\tO que DEVE ter nos seus criativos para gerar mais convers\u00f5es.\u200b\t\t\t\t\t<\/p>\n<h3>\n\t\t\t\t\t\tComo Deve Ser Sua Campanha no YTAds.<br \/>\n\t\t\t\t<\/h3>\n<p>\n\t\t\t\t\t\tEntenda como deve ser sua campanha para atrair o Lead certo no Youtube Ads.\t\t\t\t\t<\/p>\n<h3>\n\t\t\t\t\t\tComo Otimizar as Campanhas no YTAds.<br \/>\n\t\t\t\t<\/h3>\n<p>\n\t\t\t\t\t\tO ponto mais importante do processo, otimizar a campanha.\u200b\t\t\t\t\t<\/p>\n<p><b>Tudo Isso no Formato de Mentoria AO VIVO.<\/b><\/p>\n<p><b>Ser\u00e3o 2 aulas AO VIVO com todo o passo a passo, onde voc\u00ea vai poder tirar suas d\u00favidas na hora.<\/b><\/p>\n<h2>participe da pr\u00f3xima turma<\/h2>\n<p>Dias 25&nbsp;e 26 de outubro&nbsp;\u00e0s 20hs.<\/p>\n<p>\t\t\t<a href=\"https:\/\/secure.doppus.com\/pay\/P9Z5BM9Z5BG853B5?src=bio\"><br \/>\n\t\t\t\t\t\tSIM! QUERO PARTICIPAR<br \/>\n\t\t\t\t\t<\/a><br \/>\n\t\t\t\t\t\t\t\t\t\t\t\t\t\t\t<img decoding=\"async\" width=\"840\" height=\"840\" src=\"https:\/\/gedasiolima.com\/wp-content\/uploads\/2022\/07\/Selo-de-Garantia-de-7-Dias-PNG-Transparente-Sem-Fundo-1024x1024.png\" alt=\"\" loading=\"lazy\" srcset=\"https:\/\/gedasiolima.com\/wp-content\/uploads\/2022\/07\/Selo-de-Garantia-de-7-Dias-PNG-Transparente-Sem-Fundo-1024x1024.png 1024w, https:\/\/gedasiolima.com\/wp-content\/uploads\/2022\/07\/Selo-de-Garantia-de-7-Dias-PNG-Transparente-Sem-Fundo-300x300.png 300w, https:\/\/gedasiolima.com\/wp-content\/uploads\/2022\/07\/Selo-de-Garantia-de-7-Dias-PNG-Transparente-Sem-Fundo-150x150.png 150w, https:\/\/gedasiolima.com\/wp-content\/uploads\/2022\/07\/Selo-de-Garantia-de-7-Dias-PNG-Transparente-Sem-Fundo-768x769.png 768w, https:\/\/gedasiolima.com\/wp-content\/uploads\/2022\/07\/Selo-de-Garantia-de-7-Dias-PNG-Transparente-Sem-Fundo-1536x1536.png 1536w, https:\/\/gedasiolima.com\/wp-content\/uploads\/2022\/07\/Selo-de-Garantia-de-7-Dias-PNG-Transparente-Sem-Fundo-2048x2048.png 2048w, https:\/\/gedasiolima.com\/wp-content\/uploads\/2022\/07\/Selo-de-Garantia-de-7-Dias-PNG-Transparente-Sem-Fundo-1080x1081.png 1080w, https:\/\/gedasiolima.com\/wp-content\/uploads\/2022\/07\/Selo-de-Garantia-de-7-Dias-PNG-Transparente-Sem-Fundo-1280x1281.png 1280w, https:\/\/gedasiolima.com\/wp-content\/uploads\/2022\/07\/Selo-de-Garantia-de-7-Dias-PNG-Transparente-Sem-Fundo-980x981.png 980w, https:\/\/gedasiolima.com\/wp-content\/uploads\/2022\/07\/Selo-de-Garantia-de-7-Dias-PNG-Transparente-Sem-Fundo-480x480.png 480w\" sizes=\"auto, (max-width: 709px) 85vw, (max-width: 909px) 67vw, (max-width: 1362px) 62vw, 840px\" \/>\t\t\t\t\t\t\t\t\t\t\t\t\t\t\t<\/p>\n<h2> Garantia de 7 Dias.<\/h2>\n<p>Se por acaso o conte\u00fado n\u00e3o te ajudar em nada, eu devolvo 100% do seu investimento.<\/p>\n<h2>CRIE CAMPANHAS LUCRATIVAS NO YOUTUBE ADS EM APENAS 02 DIAS, MESMO QUE N\u00c3O QUEIRA APARECER<\/h2>\n<p><strong>De <del>R$ 497,00<\/del><\/strong><\/p>\n<p><strong>POR APENAS<\/strong><\/p>\n<h2>R$47<\/h2>\n<p>\t\t\t<a href=\"https:\/\/secure.doppus.com\/pay\/P9Z5BM9Z5BG853B5?src=bio\"><br \/>\n\t\t\t\t\t\tSIM! QUERO SABER MAIS<br \/>\n\t\t\t\t\t<\/a><\/p>\n<h2>Ainda com d\u00favida?<\/h2>\n<p><b>Me envie uma mensagem<\/b><\/p>\n<p><b>Aperte Abaixo<\/b><\/p>\n<p>\t\t\t\t\t\t\t\t\t\t\t\t\t\t\t\t<a href=\"https:\/\/wa.me\/5521973477774?text=Opa+quero+comprar+a+mentoria\"><br \/>\n\t\t\t\t\t\t\t<img decoding=\"async\" width=\"660\" height=\"705\" src=\"https:\/\/gedasiolima.com\/wp-content\/uploads\/2023\/08\/pngwing.com_.png\" alt=\"\" loading=\"lazy\" srcset=\"https:\/\/gedasiolima.com\/wp-content\/uploads\/2023\/08\/pngwing.com_.png 660w, https:\/\/gedasiolima.com\/wp-content\/uploads\/2023\/08\/pngwing.com_-281x300.png 281w\" sizes=\"auto, (max-width: 660px) 85vw, 660px\" \/>\t\t\t\t\t\t\t\t<\/a><\/p>\n<h2>Aqui Est\u00e1 o Que Voc\u00ea Est\u00e1 Adquirindo:<\/h2>\n<p><strong>\u00a0Grava\u00e7\u00e3o da Aula \u2013\u00a0<\/strong>Nela eu mostro todo o potencial de escala do YouTube Ads e monto uma campanha do zero, em uma conta nova, desde as configura\u00e7\u00f5es at\u00e9 a campanha ficar ativa, al\u00e9m de mostrar como otimizar a campanha no YouTube Ads.<\/p>\n<p>https:\/\/www.youtube.com\/watch?v=kJ_fIpYIPbw&#038;feature=emb_logo<br \/>\n\t\t\t\t\t\t\t\t\t\t\t\t\t\t\t<img decoding=\"async\" src=\"https:\/\/gedasiolima.com\/wp-content\/uploads\/2022\/07\/AnyConv.com__mokup-responsivo.webp\" title=\"AnyConv.com__mokup responsivo\" alt=\"AnyConv.com__mokup responsivo\" loading=\"lazy\" \/>\t\t\t\t\t\t\t\t\t\t\t\t\t\t\t<\/p>\n<h2>O Que Voc\u00ea Vai Aprender:<\/h2>\n<h3>\n\t\t\t\t\t\tPorque Voc\u00ea Deve Usar o YTAds Pra Ontem.<br \/>\n\t\t\t\t<\/h3>\n<p>\n\t\t\t\t\t\tPare de perder tempo e comece a faturar com o YouTube Ads.\u200b\t\t\t\t\t<\/p>\n<h3>\n\t\t\t\t\t\tComo Devem Ser Seus Criativos.<br \/>\n\t\t\t\t<\/h3>\n<p>\n\t\t\t\t\t\tO que DEVE ter nos seus criativos para gerar mais convers\u00f5es.\t\t\t\t\t<\/p>\n<h3>\n\t\t\t\t\t\tComo Fazer as Configura\u00e7\u00f5es da Conta.<br \/>\n\t\t\t\t<\/h3>\n<p>\n\t\t\t\t\t\tVamos fazer o passo a passo das configura\u00e7\u00f5es.\t\t\t\t\t<\/p>\n<h3>\n\t\t\t\t\t\tComo Direcionar o YTAds Para Trazer o Lead Certo.<br \/>\n\t\t\t\t<\/h3>\n<p>\n\t\t\t\t\t\tFa\u00e7a o YT Ads acertar ao buscar o cliente.\t\t\t\t\t<\/p>\n<h3>\n\t\t\t\t\t\tQual a Estrutura Ideal Para Anunciar no YTAds.<br \/>\n\t\t\t\t<\/h3>\n<p>\n\t\t\t\t\t\tEntenda como deve ser o seu funil.\t\t\t\t\t<\/p>\n<h3>\n\t\t\t\t\t\tComo Otimizar as Campanhas no YTAds.<br \/>\n\t\t\t\t<\/h3>\n<p>\n\t\t\t\t\t\tO ponto mais importante do processo, otimizar a campanha.\t\t\t\t\t<\/p>\n<p><b>Tudo Isso no Formato de Mentoria AO VIVO.<\/b><\/p>\n<p><b>Ser\u00e3o 2 aulas AO VIVO com todo o passo a passo, onde voc\u00ea vai poder tirar suas d\u00favidas na hora.<\/b><\/p>\n<h3>\n\t\t\t\t\t\tPorque Voc\u00ea Deve Usar o YTAds Pra Ontem.<br \/>\n\t\t\t\t<\/h3>\n<p>\n\t\t\t\t\t\tPare de perder tempo e comece a faturar com o YouTube Ads.\t\t\t\t\t<\/p>\n<h3>\n\t\t\t\t\t\tComo Direcionar o YTAds Para Trazer o Lead Certo.<br \/>\n\t\t\t\t<\/h3>\n<p>\n\t\t\t\t\t\tFa\u00e7a o YT Ads acertar ao buscar o cliente.\u200b\t\t\t\t\t<\/p>\n<p>A empresa SFT DIGITAL, portadora do CNPJ 27.267.096\/0001-05, n\u00e3o tem nenhuma rela\u00e7\u00e3o institucional com nenhuma rede social ou de entretenimento.\u00a0<\/p>\n<p>Nossos produtos, sites, v\u00eddeos, palestras, programas ou outros conte\u00fados, tem o intuito de ajudar o neg\u00f3cio ou empres\u00e1rio, no entanto, a SFT DIGITAL n\u00e3o declara que ser\u00e1 obtido quaisquer resultados.<\/p>\n<p>D\u00favidas envie um email para:\u00a0<a href=\"mailto:suporte@gedasiolima.com.\">suporte@gedasiolima.com<\/a><\/p>\n<p><strong><a style=\"color: #fff;\" href=\"https:\/\/gedasiolima.com\/politica-de-privacidade\/\">Pol\u00edticas de Privacidade<\/a><\/strong>\u00a0 \u00a0|<strong> \u00a0<a style=\"color: #fff;\" href=\"https:\/\/gedasiolima.com\/termos-de-uso\/\">Termos de Uso<\/a><br \/><\/strong>\u00a9 2023 gedasiolima.com | Todos os Direitos Reservados<\/p>\n<p>\t\t\t<a href=\"https:\/\/wa.me\/5521973477774?text=Opa+quero+comprar+a+mentoria\" target=\"_blank\" rel=\"noopener\"><br \/>\n\t\t\t\t\t\t<\/a><\/p>\n","protected":false},"excerpt":{"rendered":"<p>CRIE CAMPANHAS LUCRATIVAS NO YOUTUBE ADS EM APENAS 02 DIAS, MESMO QUE N\u00c3O QUEIRA APARECER Torne-se Um Expert em YouTubeAds Mentoria de 2 Dias Datas: 25 e 26 de outubro A mentoria acontecera \u00e0s 20h de cada dia. SIM! QUERO PARTICIPAR Gedasio Lima Trago comigo o lema: &#8220;Empreender Transforma e Liberta!&#8221; Nordestino com orgulho, criado [&hellip;]<\/p>\n","protected":false},"author":1,"featured_media":0,"parent":0,"menu_order":0,"comment_status":"closed","ping_status":"closed","template":"elementor_canvas","meta":{"footnotes":""},"class_list":["post-2050","page","type-page","status-publish","hentry"],"_links":{"self":[{"href":"https:\/\/gedasiolima.com\/links\/wp-json\/wp\/v2\/pages\/2050","targetHints":{"allow":["GET"]}}],"collection":[{"href":"https:\/\/gedasiolima.com\/links\/wp-json\/wp\/v2\/pages"}],"about":[{"href":"https:\/\/gedasiolima.com\/links\/wp-json\/wp\/v2\/types\/page"}],"author":[{"embeddable":true,"href":"https:\/\/gedasiolima.com\/links\/wp-json\/wp\/v2\/users\/1"}],"replies":[{"embeddable":true,"href":"https:\/\/gedasiolima.com\/links\/wp-json\/wp\/v2\/comments?post=2050"}],"version-history":[{"count":148,"href":"https:\/\/gedasiolima.com\/links\/wp-json\/wp\/v2\/pages\/2050\/revisions"}],"predecessor-version":[{"id":8080,"href":"https:\/\/gedasiolima.com\/links\/wp-json\/wp\/v2\/pages\/2050\/revisions\/8080"}],"wp:attachment":[{"href":"https:\/\/gedasiolima.com\/links\/wp-json\/wp\/v2\/media?parent=2050"}],"curies":[{"name":"wp","href":"https:\/\/api.w.org\/{rel}","templated":true}]}}