{"id":10735,"date":"2025-03-09T14:34:34","date_gmt":"2025-03-09T14:34:34","guid":{"rendered":"https:\/\/gedasiolima.com\/?page_id=10735"},"modified":"2025-03-09T14:44:18","modified_gmt":"2025-03-09T14:44:18","slug":"consultoria-alunos-checklist","status":"publish","type":"page","link":"https:\/\/gedasiolima.com\/links\/consultoria-alunos-checklist\/","title":{"rendered":"Consultoria &#8211; Alunos checklist"},"content":{"rendered":"<h2>Oferta Especial<\/h2>\n<p>\t\t\t\t\t\t\t\t\t\t\t\t\t\t\t<img decoding=\"async\" src=\"https:\/\/gedasiolima.com\/wp-content\/uploads\/elementor\/thumbs\/IMG_1942-e1736161137947-qzlstw4pu58c48099cple3dhi33gu6hkjllg5qqhbk.jpg\" title=\"IMG_1942\" alt=\"IMG_1942\" loading=\"lazy\" \/>\t\t\t\t\t\t\t\t\t\t\t\t\t\t\t<\/p>\n<h2>Para voc\u00ea que \u00e9 meu aluno vou dar uma condi\u00e7\u00e3o super especial na sua primeira consultoria comigo!<\/h2>\n<h2>Imagine ter meu olhar estrat\u00e9gico em suas campanhas, identificando o que est\u00e1 errado e o que pode ser melhorado&#8230; \u00c9 exatamente isso que faremos nesta consultoria. Seremos eu e voc\u00ea em uma video chamada, onde irei analisar suas campanhas e te dar o melhor direcionamento.<\/h2>\n<h2>Minha consultoria individual, com dura\u00e7\u00e3o que v\u00e1ria de 1h a 1h30 est\u00e1 custando R$ 497&#8230; Mas vou te dar um super desconto hoje e apenas nesta p\u00e1gina&#8230; Vou te dar R$ 200 de desconto!<\/h2>\n<h2>Exatamente isso, voc\u00ea acaba de ganhar R$ 200 de desconto! <\/p>\n<p>De <del datetime=\"2025-03-09T14:34:39+00:00\"> R$ 497<\/del> a consultoria vai ficar por apenas R$ 297.<br \/><\/h2>\n<p>\t\t\t\t\t<a href=\"https:\/\/app.monetizze.com.br\/checkout\/DCP335332\"><br \/>\n\t\t\t\t\t\t\t\t\tSIM! QUERO A CONSULTORIA<br \/>\n\t\t\t\t\t<\/a><\/p>\n<h2><b>Aten\u00e7\u00e3o:<\/b> est\u00e1 \u00e9 uma condi\u00e7\u00e3o que depende da minha disponibilidade de tempo, por isso pode ser que eu tenha que tirar do ar ou remover esse desconto, por isso, sugiro que aproveite est\u00e1 oportunidade \u00fanica.<\/h2>\n<p>A empresa SFT DIGITAL, portadora do CNPJ 27.267.096\/0001-05, n\u00e3o tem nenhuma rela\u00e7\u00e3o institucional com nenhuma rede social ou de entretenimento.Nossos produtos, sites, v\u00eddeos, palestras, programas ou outros conte\u00fados, tem o intuito de ajudar o neg\u00f3cio ou empres\u00e1rio, no entanto, a SFT DIGITAL n\u00e3o declara que ser\u00e1 obtido quaisquer resultados. D\u00favidas envie um email para: suporte@gedasiolima.com<\/p>\n<p><b><strong><a href=\"https:\/\/gedasiolima.com\/politica-de-privacidade\/\">Pol\u00edticas de Privacidade<\/a><\/strong>\u00a0 \u00a0|<strong>\u00a0\u00a0<a href=\"https:\/\/gedasiolima.com\/termos-de-uso\/\">Termos de Uso<\/a><br \/><\/strong>\u00a9 2025 gedasiolima.com | Todos os Direitos Reservados<\/b><\/p>\n","protected":false},"excerpt":{"rendered":"<p>Oferta Especial Para voc\u00ea que \u00e9 meu aluno vou dar uma condi\u00e7\u00e3o super especial na sua primeira consultoria comigo! Imagine ter meu olhar estrat\u00e9gico em suas campanhas, identificando o que est\u00e1 errado e o que pode ser melhorado&#8230; \u00c9 exatamente isso que faremos nesta consultoria. Seremos eu e voc\u00ea em uma video chamada, onde irei [&hellip;]<\/p>\n","protected":false},"author":1,"featured_media":0,"parent":0,"menu_order":0,"comment_status":"closed","ping_status":"closed","template":"elementor_canvas","meta":{"footnotes":""},"class_list":["post-10735","page","type-page","status-publish","hentry"],"_links":{"self":[{"href":"https:\/\/gedasiolima.com\/links\/wp-json\/wp\/v2\/pages\/10735","targetHints":{"allow":["GET"]}}],"collection":[{"href":"https:\/\/gedasiolima.com\/links\/wp-json\/wp\/v2\/pages"}],"about":[{"href":"https:\/\/gedasiolima.com\/links\/wp-json\/wp\/v2\/types\/page"}],"author":[{"embeddable":true,"href":"https:\/\/gedasiolima.com\/links\/wp-json\/wp\/v2\/users\/1"}],"replies":[{"embeddable":true,"href":"https:\/\/gedasiolima.com\/links\/wp-json\/wp\/v2\/comments?post=10735"}],"version-history":[{"count":7,"href":"https:\/\/gedasiolima.com\/links\/wp-json\/wp\/v2\/pages\/10735\/revisions"}],"predecessor-version":[{"id":10747,"href":"https:\/\/gedasiolima.com\/links\/wp-json\/wp\/v2\/pages\/10735\/revisions\/10747"}],"wp:attachment":[{"href":"https:\/\/gedasiolima.com\/links\/wp-json\/wp\/v2\/media?parent=10735"}],"curies":[{"name":"wp","href":"https:\/\/api.w.org\/{rel}","templated":true}]}}