{"id":10726,"date":"2025-03-09T14:04:53","date_gmt":"2025-03-09T14:04:53","guid":{"rendered":"https:\/\/gedasiolima.com\/?page_id=10726"},"modified":"2025-03-09T14:15:30","modified_gmt":"2025-03-09T14:15:30","slug":"parabens-consultoria-ga","status":"publish","type":"page","link":"https:\/\/gedasiolima.com\/links\/parabens-consultoria-ga\/","title":{"rendered":"Parab\u00e9ns Consultoria GA"},"content":{"rendered":"<h2>PARAB\u00c9NS!!!<\/h2>\n<p>\t\t\t\t\t\t\t\t\t\t\t\t\t\t\t<img decoding=\"async\" src=\"https:\/\/gedasiolima.com\/wp-content\/uploads\/elementor\/thumbs\/IMG_1942-e1736161137947-qzlstw4pu58c48099cple3dhi33gu6hkjllg5qqhbk.jpg\" title=\"IMG_1942\" alt=\"IMG_1942\" loading=\"lazy\" \/>\t\t\t\t\t\t\t\t\t\t\t\t\t\t\t<\/p>\n<h2>Parab\u00e9ns pelo seu comprometimento com voc\u00ea mesmo!<\/h2>\n<h2>Este comprometimento \u00e9 o que de fato separa quem tem resultado de quem n\u00e3o tem.<\/h2>\n<h2>Aperte no bot\u00e3o abaixo, fale comigo no WhatsApp e vamos agendar a consultoria para o mais breve poss\u00edvel!<\/h2>\n<p>\t\t\t\t\t<a href=\"https:\/\/gedasiolima.com\/whats\"><br \/>\n\t\t\t\t\t\t\t\t\tAGENDAR CONSULTORIA<br \/>\n\t\t\t\t\t<\/a><\/p>\n<p>A empresa SFT DIGITAL, portadora do CNPJ 27.267.096\/0001-05, n\u00e3o tem nenhuma rela\u00e7\u00e3o institucional com nenhuma rede social ou de entretenimento.Nossos produtos, sites, v\u00eddeos, palestras, programas ou outros conte\u00fados, tem o intuito de ajudar o neg\u00f3cio ou empres\u00e1rio, no entanto, a SFT DIGITAL n\u00e3o declara que ser\u00e1 obtido quaisquer resultados. D\u00favidas envie um email para: suporte@gedasiolima.com.<\/p>\n<p><b><strong><a href=\"https:\/\/gedasiolima.com\/politica-de-privacidade\/\">Pol\u00edticas de Privacidade<\/a><\/strong>\u00a0 \u00a0|<strong>\u00a0\u00a0<a href=\"https:\/\/gedasiolima.com\/termos-de-uso\/\">Termos de Uso<\/a><br \/><\/strong>\u00a9 2025 gedasiolima.com | Todos os Direitos Reservados<\/b><\/p>\n","protected":false},"excerpt":{"rendered":"<p>PARAB\u00c9NS!!! Parab\u00e9ns pelo seu comprometimento com voc\u00ea mesmo! Este comprometimento \u00e9 o que de fato separa quem tem resultado de quem n\u00e3o tem. Aperte no bot\u00e3o abaixo, fale comigo no WhatsApp e vamos agendar a consultoria para o mais breve poss\u00edvel! AGENDAR CONSULTORIA A empresa SFT DIGITAL, portadora do CNPJ 27.267.096\/0001-05, n\u00e3o tem nenhuma rela\u00e7\u00e3o [&hellip;]<\/p>\n","protected":false},"author":1,"featured_media":0,"parent":0,"menu_order":0,"comment_status":"closed","ping_status":"closed","template":"elementor_canvas","meta":{"footnotes":""},"class_list":["post-10726","page","type-page","status-publish","hentry"],"_links":{"self":[{"href":"https:\/\/gedasiolima.com\/links\/wp-json\/wp\/v2\/pages\/10726","targetHints":{"allow":["GET"]}}],"collection":[{"href":"https:\/\/gedasiolima.com\/links\/wp-json\/wp\/v2\/pages"}],"about":[{"href":"https:\/\/gedasiolima.com\/links\/wp-json\/wp\/v2\/types\/page"}],"author":[{"embeddable":true,"href":"https:\/\/gedasiolima.com\/links\/wp-json\/wp\/v2\/users\/1"}],"replies":[{"embeddable":true,"href":"https:\/\/gedasiolima.com\/links\/wp-json\/wp\/v2\/comments?post=10726"}],"version-history":[{"count":7,"href":"https:\/\/gedasiolima.com\/links\/wp-json\/wp\/v2\/pages\/10726\/revisions"}],"predecessor-version":[{"id":10734,"href":"https:\/\/gedasiolima.com\/links\/wp-json\/wp\/v2\/pages\/10726\/revisions\/10734"}],"wp:attachment":[{"href":"https:\/\/gedasiolima.com\/links\/wp-json\/wp\/v2\/media?parent=10726"}],"curies":[{"name":"wp","href":"https:\/\/api.w.org\/{rel}","templated":true}]}}