{"id":10632,"date":"2025-03-08T18:19:50","date_gmt":"2025-03-08T18:19:50","guid":{"rendered":"https:\/\/gedasiolima.com\/?page_id=10632"},"modified":"2025-06-17T16:34:57","modified_gmt":"2025-06-17T16:34:57","slug":"parabens-checklist","status":"publish","type":"page","link":"https:\/\/gedasiolima.com\/links\/parabens-checklist\/","title":{"rendered":"Parab\u00e9ns Checklist"},"content":{"rendered":"<h2>PARAB\u00c9NS!!!<\/h2>\n<h3>\n\t\t\t\t\tParab\u00e9ns<br \/>\n\t\t\t\t\tDOBRADO<br \/>\n\t\t\t\t<\/h3>\n<p>\t\t\t\t\t\t\t\t\t\t\t\t\t\t\t<img loading=\"lazy\" decoding=\"async\" width=\"800\" height=\"564\" src=\"https:\/\/gedasiolima.com\/wp-content\/uploads\/2025\/02\/Mockup-Google-ADS-4-1536x1082.png\" alt=\"\" srcset=\"https:\/\/gedasiolima.com\/wp-content\/uploads\/2025\/02\/Mockup-Google-ADS-4-1536x1082.png 1536w, https:\/\/gedasiolima.com\/wp-content\/uploads\/2025\/02\/Mockup-Google-ADS-4-300x211.png 300w, https:\/\/gedasiolima.com\/wp-content\/uploads\/2025\/02\/Mockup-Google-ADS-4-1024x721.png 1024w, https:\/\/gedasiolima.com\/wp-content\/uploads\/2025\/02\/Mockup-Google-ADS-4-768x541.png 768w, https:\/\/gedasiolima.com\/wp-content\/uploads\/2025\/02\/Mockup-Google-ADS-4-1200x845.png 1200w, https:\/\/gedasiolima.com\/wp-content\/uploads\/2025\/02\/Mockup-Google-ADS-4.png 1920w\" sizes=\"auto, (max-width: 800px) 100vw, 800px\" \/><br \/>\n\t\t\t\t\t\t\tPRIMEIRO:\t\t\t\t\t\t<\/p>\n<p><strong>PARAB\u00c9NS por ter adquirido o checklist de campanha.<\/strong><\/p>\n<p>Em alguns minutos voc\u00ea vai receber um email com seus dados de acesso (Lembre de conferir a sua caixa de SPAM e Lixo Eletr\u00f4nico tamb\u00e9m, ok?).<\/p>\n<p>\t\t\t\t\t\t\tSEGUNDO:\t\t\t\t\t\t<\/p>\n<p><strong>PARAB\u00c9NS por que voc\u00ea acaba de ganhar um SUPER PRESENTE!<\/strong><\/p>\n<p style=\"letter-spacing: 0.2px;\">Se voc\u00ea j\u00e1 tem campanhas ativas na rede pesquisa e gostaria de ter minha ajuda pessoal, confira abaixo o presente que tenho para voc\u00ea, mas s\u00f3 \u00e9 v\u00e1lido para agora nesta p\u00e1gina.\u00a0\u00a0<\/p>\n<p>\t\t\t\t\t\t\t\t\t\t\t\t\t\t\t<img loading=\"lazy\" decoding=\"async\" width=\"800\" height=\"564\" src=\"https:\/\/gedasiolima.com\/wp-content\/uploads\/2025\/02\/Mockup-Google-ADS-4-1536x1082.png\" alt=\"\" srcset=\"https:\/\/gedasiolima.com\/wp-content\/uploads\/2025\/02\/Mockup-Google-ADS-4-1536x1082.png 1536w, https:\/\/gedasiolima.com\/wp-content\/uploads\/2025\/02\/Mockup-Google-ADS-4-300x211.png 300w, https:\/\/gedasiolima.com\/wp-content\/uploads\/2025\/02\/Mockup-Google-ADS-4-1024x721.png 1024w, https:\/\/gedasiolima.com\/wp-content\/uploads\/2025\/02\/Mockup-Google-ADS-4-768x541.png 768w, https:\/\/gedasiolima.com\/wp-content\/uploads\/2025\/02\/Mockup-Google-ADS-4-1200x845.png 1200w, https:\/\/gedasiolima.com\/wp-content\/uploads\/2025\/02\/Mockup-Google-ADS-4.png 1920w\" sizes=\"auto, (max-width: 800px) 100vw, 800px\" \/>\t\t\t\t\t\t\t\t\t\t\t\t\t\t\t<\/p>\n<h3>\n\t\t\t\t\tParab\u00e9ns<br \/>\n\t\t\t\t\tDOBRADO<br \/>\n\t\t\t\t<\/h3>\n<p>\t\t\t\t\t\t\tPRIMEIRO:\t\t\t\t\t\t<\/p>\n<p><strong>PARAB\u00c9NS por ter adquirido o checklist de campanha.<\/strong><\/p>\n<p>Em alguns minutos voc\u00ea vai receber um email com seus dados de acesso (Lembre de conferir a sua caixa de SPAM e Lixo Eletr\u00f4nico tamb\u00e9m, ok?).<\/p>\n<p>\t\t\t\t\t\t\tSEGUNDO:\t\t\t\t\t\t<\/p>\n<p><strong>PARAB\u00c9NS por que voc\u00ea acaba de ganhar um\u00a0<\/strong>SUPER PRESENTE<strong>!<\/strong><\/p>\n<p>Se voc\u00ea j\u00e1 tem campanhas ativas na rede pesquisa e gostaria de ter minha ajuda pessoal, confira abaixo o presente que tenho para voc\u00ea, mas s\u00f3 \u00e9 v\u00e1lido para agora nesta p\u00e1gina.\u00a0\u00a0<\/p>\n<h2>Meu presente especial para voc\u00ea!<\/h2>\n<p>\t\t\t\t\t\t\t\t\t\t\t\t\t\t\t<img decoding=\"async\" src=\"https:\/\/gedasiolima.com\/wp-content\/uploads\/elementor\/thumbs\/IMG_1942-e1736161137947-qzlstw4pu58c48099cple3dhi33gu6hkjllg5qqhbk.jpg\" title=\"IMG_1942\" alt=\"IMG_1942\" loading=\"lazy\" \/>\t\t\t\t\t\t\t\t\t\t\t\t\t\t\t<\/p>\n<h2>Vou te dar uma condi\u00e7\u00e3o super especial na sua primeira consultoria comigo!<br \/><\/h2>\n<h2>Imagine ter meu olhar estrat\u00e9gico em suas campanhas, identificando o que est\u00e1 errado e o que pode ser melhorado&#8230; \u00c9 exatamente isso que faremos nesta consultoria. Seremos eu e voc\u00ea em uma video chamada, onde irei analisar suas campanhas e te dar o melhor direcionamento.<\/h2>\n<h2>Minha consultoria individual, com dura\u00e7\u00e3o que v\u00e1ria de 1h a 1h30 est\u00e1 custando R$ 497&#8230; Mas vou te dar um super desconto hoje e apenas nesta p\u00e1gina&#8230; Vou te dar 50% de desconto!<\/h2>\n<h2>Exatamente isso, voc\u00ea acaba de ganhar 50% de desconto! <\/p>\n<p>De <del datetime=\"2025-03-09T14:34:39+00:00\"> R$ 497<\/del>  a consultoria vai ficar por apenas R$ 247.<br \/><\/h2>\n<p>\t\t\t\t\t<a href=\"https:\/\/app.monetizze.com.br\/checkout\/DWG335329\" target=\"_blank\"><br \/>\n\t\t\t\t\t\t\t\t\tSIM! QUERO A CONSULTORIA<br \/>\n\t\t\t\t\t<\/a><\/p>\n<h2><b>Aten\u00e7\u00e3o:<\/b> est\u00e1 \u00e9 uma condi\u00e7\u00e3o que depende da minha disponibilidade de tempo, por isso pode ser que eu tenha que tirar do ar ou remover esse desconto, por isso, sugiro que aproveite est\u00e1 oportunidade \u00fanica.<\/h2>\n<p>A empresa SFT DIGITAL, portadora do CNPJ 27.267.096\/0001-05, n\u00e3o tem nenhuma rela\u00e7\u00e3o institucional com nenhuma rede social ou de entretenimento.Nossos produtos, sites, v\u00eddeos, palestras, programas ou outros conte\u00fados, tem o intuito de ajudar o neg\u00f3cio ou empres\u00e1rio, no entanto, a SFT DIGITAL n\u00e3o declara que ser\u00e1 obtido quaisquer resultados. D\u00favidas envie um email para: suporte@gedasiolima.com.<\/p>\n<p><b><strong><a href=\"https:\/\/gedasiolima.com\/politica-de-privacidade\/\">Pol\u00edticas de Privacidade<\/a><\/strong>\u00a0 \u00a0|<strong>\u00a0\u00a0<a href=\"https:\/\/gedasiolima.com\/termos-de-uso\/\">Termos de Uso<\/a><br \/><\/strong>\u00a9 2025 gedasiolima.com | Todos os Direitos Reservados<\/b><\/p>\n","protected":false},"excerpt":{"rendered":"<p>PARAB\u00c9NS!!! Parab\u00e9ns DOBRADO PRIMEIRO: PARAB\u00c9NS por ter adquirido o checklist de campanha. Em alguns minutos voc\u00ea vai receber um email com seus dados de acesso (Lembre de conferir a sua caixa de SPAM e Lixo Eletr\u00f4nico tamb\u00e9m, ok?). SEGUNDO: PARAB\u00c9NS por que voc\u00ea acaba de ganhar um SUPER PRESENTE! Se voc\u00ea j\u00e1 tem campanhas ativas [&hellip;]<\/p>\n","protected":false},"author":1,"featured_media":0,"parent":0,"menu_order":0,"comment_status":"closed","ping_status":"closed","template":"elementor_canvas","meta":{"footnotes":""},"class_list":["post-10632","page","type-page","status-publish","hentry"],"_links":{"self":[{"href":"https:\/\/gedasiolima.com\/links\/wp-json\/wp\/v2\/pages\/10632","targetHints":{"allow":["GET"]}}],"collection":[{"href":"https:\/\/gedasiolima.com\/links\/wp-json\/wp\/v2\/pages"}],"about":[{"href":"https:\/\/gedasiolima.com\/links\/wp-json\/wp\/v2\/types\/page"}],"author":[{"embeddable":true,"href":"https:\/\/gedasiolima.com\/links\/wp-json\/wp\/v2\/users\/1"}],"replies":[{"embeddable":true,"href":"https:\/\/gedasiolima.com\/links\/wp-json\/wp\/v2\/comments?post=10632"}],"version-history":[{"count":95,"href":"https:\/\/gedasiolima.com\/links\/wp-json\/wp\/v2\/pages\/10632\/revisions"}],"predecessor-version":[{"id":73764,"href":"https:\/\/gedasiolima.com\/links\/wp-json\/wp\/v2\/pages\/10632\/revisions\/73764"}],"wp:attachment":[{"href":"https:\/\/gedasiolima.com\/links\/wp-json\/wp\/v2\/media?parent=10632"}],"curies":[{"name":"wp","href":"https:\/\/api.w.org\/{rel}","templated":true}]}}