{"id":10103,"date":"2025-01-26T21:41:14","date_gmt":"2025-01-26T21:41:14","guid":{"rendered":"https:\/\/gedasiolima.com\/?page_id=10103"},"modified":"2025-03-03T20:55:58","modified_gmt":"2025-03-03T20:55:58","slug":"checklist","status":"publish","type":"page","link":"https:\/\/gedasiolima.com\/links\/checklist\/","title":{"rendered":"Checklist"},"content":{"rendered":"<h2>TRANSFORME SUAS CAMPANHAS DE GOOGLE ADS PESQUISA EM VERDADEIRAS M\u00c1QUINAS DE CONVERS\u00c3O!<br \/>\n<\/h2>\n<p>\t\t\t\t\t\t\tEvite erros que desperdi\u00e7am dinheiro;<br \/>\n\t\t\t\t\t\t\tAumente os resultados com campanhas mais assertivas;<br \/>\n\t\t\t\t\t\t\tFoque no que importa e crie campanhas vencedoras.<br \/>\n\t\t\t\t\tUtilize um checklist pr\u00e1tico e direto ao ponto!<br \/>\n\t\t\t\t\t<a href=\"https:\/\/app.monetizze.com.br\/checkout\/DVV330659\"><br \/>\n\t\t\t\t\t\t\t\t\tSIM! QUERO O CHECKLIST<br \/>\n\t\t\t\t\t<\/a><\/p>\n<h3>\n\t\t\t\t\tCOM ESTE CHECKLIST<br \/>\n\t\t\t\t\tVOC\u00ca VAI:<br \/>\n\t\t\t\t\t<\/h3>\n<p>\t\t\t\t\t\t\t\t\t\t\t\t\t\t\t<img loading=\"lazy\" decoding=\"async\" width=\"840\" height=\"592\" src=\"https:\/\/gedasiolima.com\/wp-content\/uploads\/2025\/02\/Mockup-Google-ADS-4-1536x1082.png\" alt=\"\" srcset=\"https:\/\/gedasiolima.com\/wp-content\/uploads\/2025\/02\/Mockup-Google-ADS-4-1536x1082.png 1536w, https:\/\/gedasiolima.com\/wp-content\/uploads\/2025\/02\/Mockup-Google-ADS-4-300x211.png 300w, https:\/\/gedasiolima.com\/wp-content\/uploads\/2025\/02\/Mockup-Google-ADS-4-1024x721.png 1024w, https:\/\/gedasiolima.com\/wp-content\/uploads\/2025\/02\/Mockup-Google-ADS-4-768x541.png 768w, https:\/\/gedasiolima.com\/wp-content\/uploads\/2025\/02\/Mockup-Google-ADS-4-1200x845.png 1200w, https:\/\/gedasiolima.com\/wp-content\/uploads\/2025\/02\/Mockup-Google-ADS-4.png 1920w\" sizes=\"auto, (max-width: 709px) 85vw, (max-width: 909px) 67vw, (max-width: 1362px) 62vw, 840px\" \/><br \/>\n\t\t\t\t\t\t\tCRIAR CAMPANHAS ASSERTIVAS\t\t\t\t\t\t<\/p>\n<p>\n\t\t\t\t\t\tCrie campanhas mais otimizadas desde o in\u00edcio;\t\t\t\t\t<\/p>\n<p>\t\t\t\t\t\t\tTER RESULTADOS CONSTANTES\t\t\t\t\t\t<\/p>\n<p>\n\t\t\t\t\t\tTenha campanhas que duram mais tempo, mantendo os resultados;\t\t\t\t\t<\/p>\n<p>\t\t\t\t\t\t\tEVITAR ERROS QUE DESPERDI\u00c7AM DINHEIRO\t\t\t\t\t\t<\/p>\n<p>\n\t\t\t\t\t\tIdentifique e corrija falhas antes que elas impactem seu or\u00e7amento;\t\t\t\t\t<\/p>\n<p>\t\t\t\t\t\t\tAUMENTAR SEUS RESULTADOS\t\t\t\t\t\t<\/p>\n<p>\n\t\t\t\t\t\tCrie campanhas mais assertivas que convertem e trazem retorno real;\n\t\t\t\t\t<\/p>\n<p>\t\t\t\t\t\t\tFOCAR NO QUE REALMENTE IMPORTA\t\t\t\t\t\t<\/p>\n<p>\n\t\t\t\t\t\tConcentre-se nos elementos essenciais para construir campanhas vencedoras.\n\t\t\t\t\t<\/p>\n<h2>PARA QUEM \u00c9 INDICADO?<\/h2>\n<h2>afiliado no geral<\/h2>\n<h2>Afiliado de produtos digitais e f\u00edsicos, seja no Brasil ou na Gringa, este checklist \u00e9 ideal para voc\u00ea. <\/h2>\n<h2>infoprodutor<\/h2>\n<h2>Infoprodutor que quer maximizar as vendas de seus cursos, treinamentos e mentorias. <\/h2>\n<h2>COMPRA DE LEAD<\/h2>\n<h2>Ideal para profissional que faz compra de leads na rede de pesquisa;<\/h2>\n<h2>neg\u00f3cio local<\/h2>\n<h2>Excelente para dono de neg\u00f3cio local que busca atrair mais clientes para seu empreedimento;<\/h2>\n<h2>NO SEU MATERIAL&#8230;<\/h2>\n<p>\t\t\t\t\t\t\t\t\t\t\t\t\t\t\t<img loading=\"lazy\" decoding=\"async\" width=\"840\" height=\"591\" src=\"https:\/\/gedasiolima.com\/wp-content\/uploads\/2025\/02\/Mockup-Google-ADS-5-1024x721.png\" alt=\"\" srcset=\"https:\/\/gedasiolima.com\/wp-content\/uploads\/2025\/02\/Mockup-Google-ADS-5-1024x721.png 1024w, https:\/\/gedasiolima.com\/wp-content\/uploads\/2025\/02\/Mockup-Google-ADS-5-300x211.png 300w, https:\/\/gedasiolima.com\/wp-content\/uploads\/2025\/02\/Mockup-Google-ADS-5-768x541.png 768w, https:\/\/gedasiolima.com\/wp-content\/uploads\/2025\/02\/Mockup-Google-ADS-5-1536x1082.png 1536w, https:\/\/gedasiolima.com\/wp-content\/uploads\/2025\/02\/Mockup-Google-ADS-5-1200x845.png 1200w, https:\/\/gedasiolima.com\/wp-content\/uploads\/2025\/02\/Mockup-Google-ADS-5.png 1920w\" sizes=\"auto, (max-width: 709px) 85vw, (max-width: 909px) 67vw, (max-width: 1362px) 62vw, 840px\" \/>\t\t\t\t\t\t\t\t\t\t\t\t\t\t\t<\/p>\n<h3>\n\t\t\t\t\tEST\u00c1 INCLUSO<br \/>\n\t\t\t\t<\/h3>\n<p>\t\t\t\t\t\t\tCHECKLIST DETALHADO\t\t\t\t\t\t<\/p>\n<p>\n\t\t\t\t\t\tUm guia passo a passo que cobre todos os aspectos cruciais da sua campanha\t\t\t\t\t<\/p>\n<p>\t\t\t\t\t\t\tCHECKLIST RESUMIDO\t\t\t\t\t\t<\/p>\n<p>\n\t\t\t\t\t\tPara aqueles dias corridos, tenha um resumo pr\u00e1tico \u00e0 m\u00e3o\t\t\t\t\t<\/p>\n<p>\t\t\t\t\t\t\tAULA EXCLUSIVA\t\t\t\t\t\t<\/p>\n<p>\n\t\t\t\t\t\tSaiba como tirar o m\u00e1ximo proveito do checklist e entender cada ponto\t\t\t\t\t<\/p>\n<h2>E TEM MAIS&#8230;<\/h2>\n<h3>\n\t\t\t\t\tB\u00d4NUS EXCLUSIVOS<br \/>\n\t\t\t\t<\/h3>\n<p>\t\t\t\t\t\t\t\t\t\t\t\t\t\t\t<img loading=\"lazy\" decoding=\"async\" width=\"840\" height=\"591\" src=\"https:\/\/gedasiolima.com\/wp-content\/uploads\/2025\/02\/Mockup-Google-ADS-1-1024x721.png\" alt=\"\" srcset=\"https:\/\/gedasiolima.com\/wp-content\/uploads\/2025\/02\/Mockup-Google-ADS-1-1024x721.png 1024w, https:\/\/gedasiolima.com\/wp-content\/uploads\/2025\/02\/Mockup-Google-ADS-1-300x211.png 300w, https:\/\/gedasiolima.com\/wp-content\/uploads\/2025\/02\/Mockup-Google-ADS-1-768x541.png 768w, https:\/\/gedasiolima.com\/wp-content\/uploads\/2025\/02\/Mockup-Google-ADS-1-1536x1082.png 1536w, https:\/\/gedasiolima.com\/wp-content\/uploads\/2025\/02\/Mockup-Google-ADS-1-1200x845.png 1200w, https:\/\/gedasiolima.com\/wp-content\/uploads\/2025\/02\/Mockup-Google-ADS-1.png 1920w\" sizes=\"auto, (max-width: 709px) 85vw, (max-width: 909px) 67vw, (max-width: 1362px) 62vw, 840px\" \/><br \/>\n\t\t\t\t\t\t\tPALAVRAS QUE DRENAM SEU OR\u00c7AMENTO\t\t\t\t\t\t<\/p>\n<p>\n\t\t\t\t\t\tA Lista de Palavras Negativa Que Voc\u00ea Deve Usar.\n\t\t\t\t\t<\/p>\n<p>\t\t\t\t\t\t\tNOMENCLATURA INTELIGENTE\t\t\t\t\t\t<\/p>\n<p>\n\t\t\t\t\t\tO M\u00e9todo de Nomea\u00e7\u00e3o de Campanhas Que Facilita Suas Decis\u00f5es.\t\t\t\t\t<\/p>\n<h3>\n\t\t\t\t\tOFERTA ESPECIAL<br \/>\n\t\t\t\t<\/h3>\n<p>\t\t\t\t\t\t\t\t\t\t\t\t\t\t\t<img loading=\"lazy\" decoding=\"async\" width=\"840\" height=\"591\" src=\"https:\/\/gedasiolima.com\/wp-content\/uploads\/2025\/02\/Mockup-Google-ADS-3-1-1024x721.png\" alt=\"\" srcset=\"https:\/\/gedasiolima.com\/wp-content\/uploads\/2025\/02\/Mockup-Google-ADS-3-1-1024x721.png 1024w, https:\/\/gedasiolima.com\/wp-content\/uploads\/2025\/02\/Mockup-Google-ADS-3-1-300x211.png 300w, https:\/\/gedasiolima.com\/wp-content\/uploads\/2025\/02\/Mockup-Google-ADS-3-1-768x541.png 768w, https:\/\/gedasiolima.com\/wp-content\/uploads\/2025\/02\/Mockup-Google-ADS-3-1-1536x1082.png 1536w, https:\/\/gedasiolima.com\/wp-content\/uploads\/2025\/02\/Mockup-Google-ADS-3-1-1200x845.png 1200w, https:\/\/gedasiolima.com\/wp-content\/uploads\/2025\/02\/Mockup-Google-ADS-3-1.png 1920w\" sizes=\"auto, (max-width: 709px) 85vw, (max-width: 909px) 67vw, (max-width: 1362px) 62vw, 840px\" \/><br \/>\n\t\t\t\t\t\t\tCHECKLIST DETALHADO\t\t\t\t\t\t<\/p>\n<p>\n\t\t\t\t\t\tUm guia passo a passo que cobre todos os aspectos cruciais da sua campanha\t\t\t\t\t<\/p>\n<p>\t\t\t\t\t\t\tCHECKLIST RESUMIDO\t\t\t\t\t\t<\/p>\n<p>\n\t\t\t\t\t\tPara aqueles dias corridos, tenha um resumo pr\u00e1tico \u00e0 m\u00e3o\t\t\t\t\t<\/p>\n<p>\t\t\t\t\t\t\tAULA EXCLUSIVA\t\t\t\t\t\t<\/p>\n<p>\n\t\t\t\t\t\tSaiba como tirar o m\u00e1ximo proveito do checklist e entender cada ponto\t\t\t\t\t<\/p>\n<p>\t\t\t\t\t\t\tPALAVRAS QUE DRENAM SEU OR\u00c7AMENTO\t\t\t\t\t\t<\/p>\n<p>\n\t\t\t\t\t\tA Lista de Palavras Negativa Que Voc\u00ea Deve Usar.\t\t\t\t\t<\/p>\n<p>\t\t\t\t\t\t\tNOMENCLATURA INTELIGENTE\t\t\t\t\t\t<\/p>\n<p>\n\t\t\t\t\t\tO M\u00e9todo de Nomea\u00e7\u00e3o de Campanhas Que Facilita Suas Decis\u00f5es.\t\t\t\t\t<\/p>\n<p><strong>Todo o material com os b\u00f4nus, de <del datetime=\"2025-01-07T20:47:48+00:00\">R$147<\/del> por apenas:\u00a0<\/strong><\/p>\n<p>R$37<\/p>\n<p>\t\t\t\t\t<a href=\"https:\/\/app.monetizze.com.br\/checkout\/DVV330659\"><br \/>\n\t\t\t\t\t\t\t\t\tQUERO O CHECKLIST<br \/>\n\t\t\t\t\t<\/a><br \/>\n\t\t\t\t\t\t\t\t\t\t\t\t\t\t\t<img loading=\"lazy\" decoding=\"async\" width=\"840\" height=\"131\" src=\"https:\/\/gedasiolima.com\/wp-content\/uploads\/2025\/02\/imagens-de-formas-de-pagamento-png-4-1024x160.png\" alt=\"\" srcset=\"https:\/\/gedasiolima.com\/wp-content\/uploads\/2025\/02\/imagens-de-formas-de-pagamento-png-4-1024x160.png 1024w, https:\/\/gedasiolima.com\/wp-content\/uploads\/2025\/02\/imagens-de-formas-de-pagamento-png-4-300x47.png 300w, https:\/\/gedasiolima.com\/wp-content\/uploads\/2025\/02\/imagens-de-formas-de-pagamento-png-4-768x120.png 768w, https:\/\/gedasiolima.com\/wp-content\/uploads\/2025\/02\/imagens-de-formas-de-pagamento-png-4-1536x239.png 1536w, https:\/\/gedasiolima.com\/wp-content\/uploads\/2025\/02\/imagens-de-formas-de-pagamento-png-4-1200x187.png 1200w, https:\/\/gedasiolima.com\/wp-content\/uploads\/2025\/02\/imagens-de-formas-de-pagamento-png-4.png 2027w\" sizes=\"auto, (max-width: 709px) 85vw, (max-width: 909px) 67vw, (max-width: 1362px) 62vw, 840px\" \/><br \/>\n\t\t\t\t\t\t\t\t\t\t\t\t\t\t\t<img loading=\"lazy\" decoding=\"async\" width=\"840\" height=\"840\" src=\"https:\/\/gedasiolima.com\/wp-content\/uploads\/2022\/07\/Selo-de-Garantia-de-7-Dias-PNG-Transparente-Sem-Fundo-1024x1024.png\" alt=\"\" srcset=\"https:\/\/gedasiolima.com\/wp-content\/uploads\/2022\/07\/Selo-de-Garantia-de-7-Dias-PNG-Transparente-Sem-Fundo-1024x1024.png 1024w, https:\/\/gedasiolima.com\/wp-content\/uploads\/2022\/07\/Selo-de-Garantia-de-7-Dias-PNG-Transparente-Sem-Fundo-300x300.png 300w, https:\/\/gedasiolima.com\/wp-content\/uploads\/2022\/07\/Selo-de-Garantia-de-7-Dias-PNG-Transparente-Sem-Fundo-150x150.png 150w, https:\/\/gedasiolima.com\/wp-content\/uploads\/2022\/07\/Selo-de-Garantia-de-7-Dias-PNG-Transparente-Sem-Fundo-768x769.png 768w, https:\/\/gedasiolima.com\/wp-content\/uploads\/2022\/07\/Selo-de-Garantia-de-7-Dias-PNG-Transparente-Sem-Fundo-1536x1536.png 1536w, https:\/\/gedasiolima.com\/wp-content\/uploads\/2022\/07\/Selo-de-Garantia-de-7-Dias-PNG-Transparente-Sem-Fundo-2048x2048.png 2048w, https:\/\/gedasiolima.com\/wp-content\/uploads\/2022\/07\/Selo-de-Garantia-de-7-Dias-PNG-Transparente-Sem-Fundo-1080x1081.png 1080w, https:\/\/gedasiolima.com\/wp-content\/uploads\/2022\/07\/Selo-de-Garantia-de-7-Dias-PNG-Transparente-Sem-Fundo-1280x1281.png 1280w, https:\/\/gedasiolima.com\/wp-content\/uploads\/2022\/07\/Selo-de-Garantia-de-7-Dias-PNG-Transparente-Sem-Fundo-980x981.png 980w, https:\/\/gedasiolima.com\/wp-content\/uploads\/2022\/07\/Selo-de-Garantia-de-7-Dias-PNG-Transparente-Sem-Fundo-480x480.png 480w\" sizes=\"auto, (max-width: 709px) 85vw, (max-width: 909px) 67vw, (max-width: 1362px) 62vw, 840px\" \/>\t\t\t\t\t\t\t\t\t\t\t\t\t\t\t<\/p>\n<h3>\n\t\t\t\t\tGARANTIA TOTAL<br \/>\n\t\t\t\t<\/h3>\n<p>Experimente sem riscos! Se em 7 dias voc\u00ea n\u00e3o estiver satisfeito, devolvo 100% do seu investimento. incondicional!<\/p>\n<p>\t\t\t\t\t\t\t\t\t\t\t\t\t\t\t<img decoding=\"async\" src=\"https:\/\/gedasiolima.com\/wp-content\/uploads\/elementor\/thumbs\/IMG_1942-e1736161137947-qzlstw4pu58c48099cple3dhi33gu6hkjllg5qqhbk.jpg\" title=\"IMG_1942\" alt=\"IMG_1942\" loading=\"lazy\" \/>\t\t\t\t\t\t\t\t\t\t\t\t\t\t\t<\/p>\n<h2>gedasio lima<\/h2>\n<h2>Trago comigo o lema: &#8220;Empreender Transforma e Liberta!&#8221;<\/h2>\n<h2>Nordestino com orgulho, criado na Bahia, por\u00e9m meio N\u00f4made, j\u00e1 rodei por 12 estados e morei no Rio e em Floripa, mas sempre voltando pra minha querida Bahia.<\/h2>\n<h2>Conheci o mercado digital, da\u00ed comecei a expandir minha mentalidade e mudar minha realidade.<\/h2>\n<h2>Palestrante, Estrategista, Mentor e Gestor de Tr\u00e1fego.<\/h2>\n<h2>Empreendedor digital desde 2014, j\u00e1 investi mais de 7 milh\u00f5es em tr\u00e1fego, ajudando a escalar dezenas de produtos pr\u00f3prios, de parceiros e Mentorados.<\/h2>\n<p>\t\t\t\t\t\t\t\t\t\t\t\t\t\t\t<img loading=\"lazy\" decoding=\"async\" width=\"840\" height=\"343\" src=\"https:\/\/gedasiolima.com\/wp-content\/uploads\/2023\/10\/network-min.png\" alt=\"\" srcset=\"https:\/\/gedasiolima.com\/wp-content\/uploads\/2023\/10\/network-min.png 1023w, https:\/\/gedasiolima.com\/wp-content\/uploads\/2023\/10\/network-min-300x123.png 300w, https:\/\/gedasiolima.com\/wp-content\/uploads\/2023\/10\/network-min-768x314.png 768w\" sizes=\"auto, (max-width: 709px) 85vw, (max-width: 909px) 67vw, (max-width: 1362px) 62vw, 840px\" \/>\t\t\t\t\t\t\t\t\t\t\t\t\t\t\t<\/p>\n<h2>D\u00daVIDAS FREQUENTES<\/h2>\n<p>\t\t\t\t\t\t\t\t\t\t\t\t<a tabindex=\"0\">Por quanto tempo terei acesso?<\/a><\/p>\n<p>Todos os alunos t\u00eam garantido no m\u00ednimo 1 ano de acesso ao checklist completo. Durante esse per\u00edodo, voc\u00ea ter\u00e1 acesso ao material completo assim como a atualiza\u00e7\u00f5es do checklist, garantindo tempo suficiente para aprender e aplicar no seu ritmo.<\/p>\n<p>\u00a0<br \/>\n\t\t\t\t\t\t\t\t\t\t\t\t<a tabindex=\"0\">Como eu vou receber o checklist?<\/a><\/p>\n<p>Voc\u00ea ter\u00e1 acesso instant\u00e2neo ao checklist, juntamente com links de download para os b\u00f4nus. O acesso \u00e9 imediato logo ap\u00f3s a confirma\u00e7\u00e3o do pagamento. Se pagar no Boleto pode levar at\u00e9 3 dias \u00fateis para a compensa\u00e7\u00e3o. Voc\u00ea vai receber um email com os dados de acesso enviados pela plataforma de pagamento.\u00a0<\/p>\n<p>\u00a0<br \/>\n\t\t\t\t\t\t\t\t\t\t\t\t<a tabindex=\"0\">Tenho uma d\u00favida especifica, como posso falar com voc\u00ea?  <\/a><\/p>\n<p>A forma mais r\u00e1pida para falar comigo hoje \u00e9 pelo direct do Instagram, <a href=\"https:\/\/ig.me\/m\/gedasiolimatrafego\">aperte aqui e deixe sua pergunta.<\/a><\/p>\n<h3>\n\t\t\t\t\tAGORA \u00c9 COM VOC\u00ca!<br \/>\n\t\t\t\t<\/h3>\n<p>\t\t\t\t\t\t\t\t\t\t\t\t\t\t\t<img loading=\"lazy\" decoding=\"async\" width=\"840\" height=\"591\" src=\"https:\/\/gedasiolima.com\/wp-content\/uploads\/2025\/02\/Mockup-Google-ADS-3-1-1024x721.png\" alt=\"\" srcset=\"https:\/\/gedasiolima.com\/wp-content\/uploads\/2025\/02\/Mockup-Google-ADS-3-1-1024x721.png 1024w, https:\/\/gedasiolima.com\/wp-content\/uploads\/2025\/02\/Mockup-Google-ADS-3-1-300x211.png 300w, https:\/\/gedasiolima.com\/wp-content\/uploads\/2025\/02\/Mockup-Google-ADS-3-1-768x541.png 768w, https:\/\/gedasiolima.com\/wp-content\/uploads\/2025\/02\/Mockup-Google-ADS-3-1-1536x1082.png 1536w, https:\/\/gedasiolima.com\/wp-content\/uploads\/2025\/02\/Mockup-Google-ADS-3-1-1200x845.png 1200w, https:\/\/gedasiolima.com\/wp-content\/uploads\/2025\/02\/Mockup-Google-ADS-3-1.png 1920w\" sizes=\"auto, (max-width: 709px) 85vw, (max-width: 909px) 67vw, (max-width: 1362px) 62vw, 840px\" \/>\t\t\t\t\t\t\t\t\t\t\t\t\t\t\t<\/p>\n<p><strong>Aproveite essa condi\u00e7\u00e3o especial e leve todo o material com os b\u00f4nus, de <del datetime=\"2025-01-07T20:47:48+00:00\">R$147<\/del> por apenas:\u00a0<\/strong><\/p>\n<p>R$37<\/p>\n<p>\t\t\t\t\t<a href=\"https:\/\/app.monetizze.com.br\/checkout\/DVV330659\"><br \/>\n\t\t\t\t\t\t\t\t\tQUERO O CHECKLIST<br \/>\n\t\t\t\t\t<\/a><br \/>\n\t\t\t\t\t\t\t\t\t\t\t\t\t\t\t<img loading=\"lazy\" decoding=\"async\" width=\"840\" height=\"131\" src=\"https:\/\/gedasiolima.com\/wp-content\/uploads\/2025\/02\/imagens-de-formas-de-pagamento-png-4-1024x160.png\" alt=\"\" srcset=\"https:\/\/gedasiolima.com\/wp-content\/uploads\/2025\/02\/imagens-de-formas-de-pagamento-png-4-1024x160.png 1024w, https:\/\/gedasiolima.com\/wp-content\/uploads\/2025\/02\/imagens-de-formas-de-pagamento-png-4-300x47.png 300w, https:\/\/gedasiolima.com\/wp-content\/uploads\/2025\/02\/imagens-de-formas-de-pagamento-png-4-768x120.png 768w, https:\/\/gedasiolima.com\/wp-content\/uploads\/2025\/02\/imagens-de-formas-de-pagamento-png-4-1536x239.png 1536w, https:\/\/gedasiolima.com\/wp-content\/uploads\/2025\/02\/imagens-de-formas-de-pagamento-png-4-1200x187.png 1200w, https:\/\/gedasiolima.com\/wp-content\/uploads\/2025\/02\/imagens-de-formas-de-pagamento-png-4.png 2027w\" sizes=\"auto, (max-width: 709px) 85vw, (max-width: 909px) 67vw, (max-width: 1362px) 62vw, 840px\" \/>\t\t\t\t\t\t\t\t\t\t\t\t\t\t\t<\/p>\n<p>A empresa SFT DIGITAL, portadora do CNPJ 27.267.096\/0001-05, n\u00e3o tem nenhuma rela\u00e7\u00e3o institucional com nenhuma rede social ou de entretenimento.Nossos produtos, sites, v\u00eddeos, palestras, programas ou outros conte\u00fados, tem o intuito de ajudar o neg\u00f3cio ou empres\u00e1rio, no entanto, a SFT DIGITAL n\u00e3o declara que ser\u00e1 obtido quaisquer resultados. D\u00favidas envie um email para: suporte@gedasiolima.com.<\/p>\n<p><b><strong><a href=\"https:\/\/gedasiolima.com\/politica-de-privacidade\/\">Pol\u00edticas de Privacidade<\/a><\/strong>\u00a0 \u00a0|<strong>\u00a0\u00a0<a href=\"https:\/\/gedasiolima.com\/termos-de-uso\/\">Termos de Uso<\/a><br \/><\/strong>\u00a9 2025 gedasiolima.com | Todos os Direitos Reservados<\/b><\/p>\n<p>OFERTA IMPERD\u00cdVEL<\/p>\n<p>PROMO\u00c7\u00c3O ENCERRA EM POUCOS MINUTOS<\/p>\n<p>\t\t\t Horas Minutos\t\t<\/p>\n<p>de R$197,00 por apenas<\/p>\n<p>R$97,00<\/p>\n<p>\t\t\t\t\t<a href=\"#\"><br \/>\n\t\t\t\t\t\t\t\t\tQUERO DOMINAR O GOOGLE ADS<br \/>\n\t\t\t\t\t<\/a><br \/>\n\t\t\t\t\t\t\t\t\t\t\t\t\t\t\t<img loading=\"lazy\" decoding=\"async\" width=\"767\" height=\"111\" src=\"https:\/\/gedasiolima.com\/wp-content\/uploads\/2025\/01\/ICONES-REGUA-1-1-1-3.png\" alt=\"\" srcset=\"https:\/\/gedasiolima.com\/wp-content\/uploads\/2025\/01\/ICONES-REGUA-1-1-1-3.png 767w, https:\/\/gedasiolima.com\/wp-content\/uploads\/2025\/01\/ICONES-REGUA-1-1-1-3-300x43.png 300w\" sizes=\"auto, (max-width: 767px) 85vw, 767px\" \/>\t\t\t\t\t\t\t\t\t\t\t\t\t\t\t<\/p>\n<h2>3<\/h2>\n<p>Super B\u00f4nus<\/p>\n<p>Exclusivos!<\/p>\n<p>Garantindo hoje seu acesso ao programa Google Ads Turbo, voc\u00ea ir\u00e1 garantir 3 b\u00f4nus incr\u00edveis:<\/p>\n<p>\t\t\t\t\t\t\t\t\t\t\t\t\t\t\t<img decoding=\"async\" src=\"https:\/\/gedasiolima.com\/wp-content\/uploads\/2025\/01\/bonus-produtos-1.png.webp\" title=\"bonus-produtos-1.png.webp\" alt=\"bonus-produtos-1.png.webp\" loading=\"lazy\" \/><br \/>\n\t\t\t\t\t<a href=\"#\"><br \/>\n\t\t\t\t\t\t\t\t\tQUERO DOMINAR O GOOGLE ADS<br \/>\n\t\t\t\t\t<\/a><\/p>\n<h2>DEPOIMENTOS<\/h2>\n<figure><img decoding=\"async\" src=\"https:\/\/gedasiolima.com\/wp-content\/uploads\/2025\/01\/MODELO-EDITAVEL-DEPOIMENTOS-PLR-1-1-4-169x300-1.png\" alt=\"MODELO-EDITAVEL-DEPOIMENTOS-PLR-1-1-4-169x300-1.png\" \/><\/figure>\n<figure><img decoding=\"async\" src=\"https:\/\/gedasiolima.com\/wp-content\/uploads\/2025\/01\/MODELO-EDITAVEL-DEPOIMENTOS-PLR-1-1-3-169x300-1.png\" alt=\"MODELO-EDITAVEL-DEPOIMENTOS-PLR-1-1-3-169x300-1.png\" \/><\/figure>\n<figure><img decoding=\"async\" src=\"https:\/\/gedasiolima.com\/wp-content\/uploads\/2025\/01\/MODELO-EDITAVEL-DEPOIMENTOS-PLR-1-1-2-169x300-1.png\" alt=\"MODELO-EDITAVEL-DEPOIMENTOS-PLR-1-1-2-169x300-1.png\" \/><\/figure>\n<figure><img decoding=\"async\" src=\"https:\/\/gedasiolima.com\/wp-content\/uploads\/2025\/01\/MODELO-EDITAVEL-DEPOIMENTOS-PLR-1-1-1-169x300-1.png\" alt=\"MODELO-EDITAVEL-DEPOIMENTOS-PLR-1-1-1-169x300-1.png\" \/><\/figure>\n","protected":false},"excerpt":{"rendered":"<p>TRANSFORME SUAS CAMPANHAS DE GOOGLE ADS PESQUISA EM VERDADEIRAS M\u00c1QUINAS DE CONVERS\u00c3O! Evite erros que desperdi\u00e7am dinheiro; Aumente os resultados com campanhas mais assertivas; Foque no que importa e crie campanhas vencedoras. Utilize um checklist pr\u00e1tico e direto ao ponto! SIM! QUERO O CHECKLIST COM ESTE CHECKLIST VOC\u00ca VAI: CRIAR CAMPANHAS ASSERTIVAS Crie campanhas mais [&hellip;]<\/p>\n","protected":false},"author":1,"featured_media":0,"parent":0,"menu_order":0,"comment_status":"closed","ping_status":"closed","template":"elementor_canvas","meta":{"footnotes":""},"class_list":["post-10103","page","type-page","status-publish","hentry"],"_links":{"self":[{"href":"https:\/\/gedasiolima.com\/links\/wp-json\/wp\/v2\/pages\/10103","targetHints":{"allow":["GET"]}}],"collection":[{"href":"https:\/\/gedasiolima.com\/links\/wp-json\/wp\/v2\/pages"}],"about":[{"href":"https:\/\/gedasiolima.com\/links\/wp-json\/wp\/v2\/types\/page"}],"author":[{"embeddable":true,"href":"https:\/\/gedasiolima.com\/links\/wp-json\/wp\/v2\/users\/1"}],"replies":[{"embeddable":true,"href":"https:\/\/gedasiolima.com\/links\/wp-json\/wp\/v2\/comments?post=10103"}],"version-history":[{"count":319,"href":"https:\/\/gedasiolima.com\/links\/wp-json\/wp\/v2\/pages\/10103\/revisions"}],"predecessor-version":[{"id":10598,"href":"https:\/\/gedasiolima.com\/links\/wp-json\/wp\/v2\/pages\/10103\/revisions\/10598"}],"wp:attachment":[{"href":"https:\/\/gedasiolima.com\/links\/wp-json\/wp\/v2\/media?parent=10103"}],"curies":[{"name":"wp","href":"https:\/\/api.w.org\/{rel}","templated":true}]}}